{"id":49764,"date":"2022-03-29T18:15:46","date_gmt":"2022-03-29T18:15:46","guid":{"rendered":"https:\/\/soniagingado.pt\/?page_id=49764"},"modified":"2024-02-09T20:05:30","modified_gmt":"2024-02-09T20:05:30","slug":"livro","status":"publish","type":"page","link":"https:\/\/soniagingado.pt\/en\/livro\/","title":{"rendered":"BOOK"},"content":{"rendered":"<div data-elementor-type=\"wp-page\" data-elementor-id=\"49764\" class=\"elementor elementor-49764\" data-elementor-post-type=\"page\">\n\t\t\t\t\t\t<section class=\"elementor-section elementor-top-section elementor-element elementor-element-77635a2 elementor-section-stretched elementor-section-height-min-height elementor-section-boxed elementor-section-height-default elementor-section-items-middle\" data-id=\"77635a2\" data-element_type=\"section\" data-e-type=\"section\" data-settings=\"{&quot;stretch_section&quot;:&quot;section-stretched&quot;,&quot;background_background&quot;:&quot;classic&quot;}\">\n\t\t\t\t\t\t<div class=\"elementor-container elementor-column-gap-default\">\n\t\t\t\t\t<div class=\"elementor-column elementor-col-100 elementor-top-column elementor-element elementor-element-e5cfef4\" data-id=\"e5cfef4\" data-element_type=\"column\" data-e-type=\"column\">\n\t\t\t<div class=\"elementor-widget-wrap elementor-element-populated\">\n\t\t\t\t\t\t<div class=\"elementor-element elementor-element-1b330d1 elementor-widget elementor-widget-heading\" data-id=\"1b330d1\" data-element_type=\"widget\" data-e-type=\"widget\" data-widget_type=\"heading.default\">\n\t\t\t\t<div class=\"elementor-widget-container\">\n\t\t\t\t\t<h1 class=\"elementor-heading-title elementor-size-default\">BOOK<\/h1>\t\t\t\t<\/div>\n\t\t\t\t<\/div>\n\t\t\t\t<div class=\"elementor-element elementor-element-192bcdc inner_banner_breadcrumb elementor-widget elementor-widget-breadcrumbs\" data-id=\"192bcdc\" data-element_type=\"widget\" data-e-type=\"widget\" data-widget_type=\"breadcrumbs.default\">\n\t\t\t\t<div class=\"elementor-widget-container\">\n\t\t\t\t\t<p id=\"breadcrumbs\"><span><span><a href=\"https:\/\/soniagingado.pt\/en\/\">Home<\/a><\/span><\/span><\/p>\t\t\t\t<\/div>\n\t\t\t\t<\/div>\n\t\t\t\t<div class=\"elementor-element elementor-element-ee94d3a elementor-widget__width-initial elementor-absolute elementor-hidden-tablet elementor-hidden-mobile elementor-widget elementor-widget-image\" data-id=\"ee94d3a\" data-element_type=\"widget\" data-e-type=\"widget\" data-settings=\"{&quot;_position&quot;:&quot;absolute&quot;,&quot;motion_fx_motion_fx_scrolling&quot;:&quot;yes&quot;,&quot;motion_fx_translateY_effect&quot;:&quot;yes&quot;,&quot;motion_fx_translateY_speed&quot;:{&quot;unit&quot;:&quot;px&quot;,&quot;size&quot;:4,&quot;sizes&quot;:[]},&quot;motion_fx_translateY_affectedRange&quot;:{&quot;unit&quot;:&quot;%&quot;,&quot;size&quot;:&quot;&quot;,&quot;sizes&quot;:{&quot;start&quot;:0,&quot;end&quot;:100}},&quot;motion_fx_devices&quot;:[&quot;desktop&quot;,&quot;tablet&quot;,&quot;mobile&quot;]}\" data-widget_type=\"image.default\">\n\t\t\t\t<div class=\"elementor-widget-container\">\n\t\t\t\t\t\t\t\t\t\t\t\t\t\t\t<img fetchpriority=\"high\" decoding=\"async\" width=\"264\" height=\"312\" src=\"https:\/\/i0.wp.com\/soniagingado.pt\/wp-content\/uploads\/2022\/03\/mindgut_icon_cor_pequeno_semFundo.png?fit=264%2C312&amp;ssl=1\" class=\"attachment-full size-full wp-image-49396\" alt=\"\" srcset=\"https:\/\/i0.wp.com\/soniagingado.pt\/wp-content\/uploads\/2022\/03\/mindgut_icon_cor_pequeno_semFundo.png?w=264&amp;ssl=1 264w, https:\/\/i0.wp.com\/soniagingado.pt\/wp-content\/uploads\/2022\/03\/mindgut_icon_cor_pequeno_semFundo.png?resize=203%2C240&amp;ssl=1 203w\" sizes=\"(max-width: 264px) 100vw, 264px\" \/>\t\t\t\t\t\t\t\t\t\t\t\t\t\t\t<\/div>\n\t\t\t\t<\/div>\n\t\t\t\t\t<\/div>\n\t\t<\/div>\n\t\t\t\t\t<\/div>\n\t\t<\/section>\n\t\t\t\t<section class=\"elementor-section elementor-top-section elementor-element elementor-element-a9bc1d5 elementor-section-stretched elementor-section-boxed elementor-section-height-default elementor-section-height-default\" data-id=\"a9bc1d5\" data-element_type=\"section\" data-e-type=\"section\" data-settings=\"{&quot;background_background&quot;:&quot;classic&quot;,&quot;stretch_section&quot;:&quot;section-stretched&quot;}\">\n\t\t\t\t\t\t<div class=\"elementor-container elementor-column-gap-default\">\n\t\t\t\t\t<div class=\"elementor-column elementor-col-50 elementor-top-column elementor-element elementor-element-0639afd\" data-id=\"0639afd\" data-element_type=\"column\" data-e-type=\"column\">\n\t\t\t<div class=\"elementor-widget-wrap elementor-element-populated\">\n\t\t\t\t\t\t<div class=\"elementor-element elementor-element-c2a9f63 elementor-widget elementor-widget-spacer\" data-id=\"c2a9f63\" data-element_type=\"widget\" data-e-type=\"widget\" data-widget_type=\"spacer.default\">\n\t\t\t\t<div class=\"elementor-widget-container\">\n\t\t\t\t\t\t\t<div class=\"elementor-spacer\">\n\t\t\t<div class=\"elementor-spacer-inner\"><\/div>\n\t\t<\/div>\n\t\t\t\t\t\t<\/div>\n\t\t\t\t<\/div>\n\t\t\t\t<div class=\"elementor-element elementor-element-b0e8b45 image-move-top-bottom elementor-widget elementor-widget-image\" data-id=\"b0e8b45\" data-element_type=\"widget\" data-e-type=\"widget\" data-settings=\"{&quot;motion_fx_motion_fx_scrolling&quot;:&quot;yes&quot;,&quot;motion_fx_translateY_effect&quot;:&quot;yes&quot;,&quot;motion_fx_translateY_speed&quot;:{&quot;unit&quot;:&quot;px&quot;,&quot;size&quot;:2.7,&quot;sizes&quot;:[]},&quot;motion_fx_translateY_affectedRange&quot;:{&quot;unit&quot;:&quot;%&quot;,&quot;size&quot;:&quot;&quot;,&quot;sizes&quot;:{&quot;start&quot;:0,&quot;end&quot;:100}},&quot;motion_fx_devices&quot;:[&quot;desktop&quot;,&quot;tablet&quot;,&quot;mobile&quot;]}\" data-widget_type=\"image.default\">\n\t\t\t\t<div class=\"elementor-widget-container\">\n\t\t\t\t\t\t\t\t\t\t\t\t\t\t\t<img decoding=\"async\" width=\"3543\" height=\"2953\" src=\"https:\/\/i0.wp.com\/soniagingado.pt\/wp-content\/uploads\/2022\/03\/CAPA-LIVRO_sem-fundo.png?fit=3543%2C2953&amp;ssl=1\" class=\"attachment-full size-full wp-image-49407\" alt=\"\" srcset=\"https:\/\/i0.wp.com\/soniagingado.pt\/wp-content\/uploads\/2022\/03\/CAPA-LIVRO_sem-fundo.png?w=3543&amp;ssl=1 3543w, https:\/\/i0.wp.com\/soniagingado.pt\/wp-content\/uploads\/2022\/03\/CAPA-LIVRO_sem-fundo.png?resize=288%2C240&amp;ssl=1 288w, https:\/\/i0.wp.com\/soniagingado.pt\/wp-content\/uploads\/2022\/03\/CAPA-LIVRO_sem-fundo.png?resize=1024%2C853&amp;ssl=1 1024w, https:\/\/i0.wp.com\/soniagingado.pt\/wp-content\/uploads\/2022\/03\/CAPA-LIVRO_sem-fundo.png?resize=768%2C640&amp;ssl=1 768w, https:\/\/i0.wp.com\/soniagingado.pt\/wp-content\/uploads\/2022\/03\/CAPA-LIVRO_sem-fundo.png?resize=1536%2C1280&amp;ssl=1 1536w, https:\/\/i0.wp.com\/soniagingado.pt\/wp-content\/uploads\/2022\/03\/CAPA-LIVRO_sem-fundo.png?resize=2048%2C1707&amp;ssl=1 2048w, https:\/\/i0.wp.com\/soniagingado.pt\/wp-content\/uploads\/2022\/03\/CAPA-LIVRO_sem-fundo.png?resize=600%2C500&amp;ssl=1 600w\" sizes=\"(max-width: 2000px) 100vw, 2000px\" \/>\t\t\t\t\t\t\t\t\t\t\t\t\t\t\t<\/div>\n\t\t\t\t<\/div>\n\t\t\t\t<div class=\"elementor-element elementor-element-a1ed1db elementor-widget elementor-widget-spacer\" data-id=\"a1ed1db\" data-element_type=\"widget\" data-e-type=\"widget\" data-widget_type=\"spacer.default\">\n\t\t\t\t<div class=\"elementor-widget-container\">\n\t\t\t\t\t\t\t<div class=\"elementor-spacer\">\n\t\t\t<div class=\"elementor-spacer-inner\"><\/div>\n\t\t<\/div>\n\t\t\t\t\t\t<\/div>\n\t\t\t\t<\/div>\n\t\t\t\t<section class=\"elementor-section elementor-inner-section elementor-element elementor-element-d49024f elementor-section-boxed elementor-section-height-default elementor-section-height-default\" data-id=\"d49024f\" data-element_type=\"section\" data-e-type=\"section\">\n\t\t\t\t\t\t<div class=\"elementor-container elementor-column-gap-default\">\n\t\t\t\t\t<div class=\"elementor-column elementor-col-100 elementor-inner-column elementor-element elementor-element-9d69c0b trust-us-image\" data-id=\"9d69c0b\" data-element_type=\"column\" data-e-type=\"column\">\n\t\t\t<div class=\"elementor-widget-wrap elementor-element-populated\">\n\t\t\t\t\t\t<section class=\"elementor-section elementor-inner-section elementor-element elementor-element-a29b3bc trust-us-image elementor-section-boxed elementor-section-height-default elementor-section-height-default\" data-id=\"a29b3bc\" data-element_type=\"section\" data-e-type=\"section\" data-settings=\"{&quot;background_background&quot;:&quot;classic&quot;}\">\n\t\t\t\t\t\t<div class=\"elementor-container elementor-column-gap-default\">\n\t\t\t\t\t<div class=\"elementor-column elementor-col-33 elementor-inner-column elementor-element elementor-element-4234592\" data-id=\"4234592\" data-element_type=\"column\" data-e-type=\"column\" data-settings=\"{&quot;background_background&quot;:&quot;classic&quot;}\">\n\t\t\t<div class=\"elementor-widget-wrap\">\n\t\t\t\t\t\t\t<\/div>\n\t\t<\/div>\n\t\t\t\t<div class=\"elementor-column elementor-col-33 elementor-inner-column elementor-element elementor-element-73dfbbb\" data-id=\"73dfbbb\" data-element_type=\"column\" data-e-type=\"column\" data-settings=\"{&quot;background_background&quot;:&quot;classic&quot;}\">\n\t\t\t<div class=\"elementor-widget-wrap elementor-element-populated\">\n\t\t\t\t\t\t<div class=\"elementor-element elementor-element-74b05e1 elementor-vertical-align-top elementor-widget elementor-widget-image-box\" data-id=\"74b05e1\" data-element_type=\"widget\" data-e-type=\"widget\" data-widget_type=\"image-box.default\">\n\t\t\t\t<div class=\"elementor-widget-container\">\n\t\t\t\t\t<div class=\"elementor-image-box-wrapper\"><div class=\"elementor-image-box-content\"><p class=\"elementor-image-box-title\">Socrates<\/p><p class=\"elementor-image-box-description\">\"A life without challenges <br \/>is not worth living.\"<\/p><\/div><\/div>\t\t\t\t<\/div>\n\t\t\t\t<\/div>\n\t\t\t\t\t<\/div>\n\t\t<\/div>\n\t\t\t\t<div class=\"elementor-column elementor-col-33 elementor-inner-column elementor-element elementor-element-0c4dc7c\" data-id=\"0c4dc7c\" data-element_type=\"column\" data-e-type=\"column\" data-settings=\"{&quot;background_background&quot;:&quot;classic&quot;}\">\n\t\t\t<div class=\"elementor-widget-wrap\">\n\t\t\t\t\t\t\t<\/div>\n\t\t<\/div>\n\t\t\t\t\t<\/div>\n\t\t<\/section>\n\t\t\t\t\t<\/div>\n\t\t<\/div>\n\t\t\t\t\t<\/div>\n\t\t<\/section>\n\t\t\t\t\t<\/div>\n\t\t<\/div>\n\t\t\t\t<div class=\"elementor-column elementor-col-50 elementor-top-column elementor-element elementor-element-72bcf06\" data-id=\"72bcf06\" data-element_type=\"column\" data-e-type=\"column\">\n\t\t\t<div class=\"elementor-widget-wrap elementor-element-populated\">\n\t\t\t\t\t\t<div class=\"elementor-element elementor-element-d4505b7 elementor-widget elementor-widget-heading\" data-id=\"d4505b7\" data-element_type=\"widget\" data-e-type=\"widget\" data-widget_type=\"heading.default\">\n\t\t\t\t<div class=\"elementor-widget-container\">\n\t\t\t\t\t<p class=\"elementor-heading-title elementor-size-default\">S\u00f3nia Gingado<\/p>\t\t\t\t<\/div>\n\t\t\t\t<\/div>\n\t\t\t\t<div class=\"elementor-element elementor-element-6955644 elementor-widget elementor-widget-heading\" data-id=\"6955644\" data-element_type=\"widget\" data-e-type=\"widget\" data-widget_type=\"heading.default\">\n\t\t\t\t<div class=\"elementor-widget-container\">\n\t\t\t\t\t<h3 class=\"elementor-heading-title elementor-size-default\">The Wisdom of the Gut<\/h3>\t\t\t\t<\/div>\n\t\t\t\t<\/div>\n\t\t\t\t<div class=\"elementor-element elementor-element-64ea846 elementor-widget elementor-widget-text-editor\" data-id=\"64ea846\" data-element_type=\"widget\" data-e-type=\"widget\" data-widget_type=\"text-editor.default\">\n\t\t\t\t<div class=\"elementor-widget-container\">\n\t\t\t\t\t\t\t\t\t<p>In this book we will understand that a correct \"digestion\" of food and emotions is fundamental for our good internal and external functioning and, also, that the harmony between the intestine that digests the food and the brain that \"digests\" the emotions is the key to feeling better.<br \/>In a very practical way, S\u00f3nia Gingado shows us how, throughout the ages, the intestine has been fundamental in human life and survival, and how the various forms and areas of medicine have evolved in this direction. What choices we can make on a daily basis to improve our health, what therapy options are available to us and how all we need to do is listen to ourselves to feel well.<\/p><p>HOW THE INTESTINE GUIDES AND COMMANDS US | OUR BODY IS A LIVING ELEMENT IN ITSELF | THE IMPORTANCE OF KNOWING HOW TO LISTEN TO OUR GUT<\/p>\t\t\t\t\t\t\t\t<\/div>\n\t\t\t\t<\/div>\n\t\t\t\t<section class=\"elementor-section elementor-inner-section elementor-element elementor-element-3f63c09 elementor-section-boxed elementor-section-height-default elementor-section-height-default\" data-id=\"3f63c09\" data-element_type=\"section\" data-e-type=\"section\">\n\t\t\t\t\t\t<div class=\"elementor-container elementor-column-gap-default\">\n\t\t\t\t\t<div class=\"elementor-column elementor-col-50 elementor-inner-column elementor-element elementor-element-00cad07\" data-id=\"00cad07\" data-element_type=\"column\" data-e-type=\"column\">\n\t\t\t<div class=\"elementor-widget-wrap elementor-element-populated\">\n\t\t\t\t\t\t<div class=\"elementor-element elementor-element-2f20d6d elementor-widget elementor-widget-radiant-custom-button\" data-id=\"2f20d6d\" data-element_type=\"widget\" data-e-type=\"widget\" data-widget_type=\"radiant-custom-button.default\">\n\t\t\t\t<div class=\"elementor-widget-container\">\n\t\t\t\t\t<div class=\"radiantthemes-custom-button element-one hover-style-one\" data-button-direction=\"inline\" data-button-fullwidth=\"true\"  data-button-icon-position=\"\"><a class=\"radiantthemes-custom-button-main\" href=\"https:\/\/leyaonline.com\/pt\/livros\/saude\/a-sabedoria-do-intestino\/\"  target=\"_blank\" rel=\"nofollow\" ><div class=\"placeholder\">BUY BOOK<\/div><\/a><\/div>\t\t\t\t<\/div>\n\t\t\t\t<\/div>\n\t\t\t\t\t<\/div>\n\t\t<\/div>\n\t\t\t\t<div class=\"elementor-column elementor-col-50 elementor-inner-column elementor-element elementor-element-4254bcf\" data-id=\"4254bcf\" data-element_type=\"column\" data-e-type=\"column\">\n\t\t\t<div class=\"elementor-widget-wrap elementor-element-populated\">\n\t\t\t\t\t\t<div class=\"elementor-element elementor-element-8fb9f66 elementor-widget elementor-widget-radiant-custom-button\" data-id=\"8fb9f66\" data-element_type=\"widget\" data-e-type=\"widget\" data-widget_type=\"radiant-custom-button.default\">\n\t\t\t\t<div class=\"elementor-widget-container\">\n\t\t\t\t\t<div class=\"radiantthemes-custom-button element-one hover-style-one\" data-button-direction=\"inline\" data-button-fullwidth=\"true\"  data-button-icon-position=\"\"><a class=\"radiantthemes-custom-button-main\" href=\"https:\/\/leyaonline.com\/pt\/ebooks\/a-sabedoria-do-intestino-ebook\/\"  target=\"_blank\" rel=\"nofollow\" ><div class=\"placeholder\">BUY EBOOK<\/div><\/a><\/div>\t\t\t\t<\/div>\n\t\t\t\t<\/div>\n\t\t\t\t\t<\/div>\n\t\t<\/div>\n\t\t\t\t\t<\/div>\n\t\t<\/section>\n\t\t\t\t\t<\/div>\n\t\t<\/div>\n\t\t\t\t\t<\/div>\n\t\t<\/section>\n\t\t\t\t<\/div>","protected":false},"excerpt":{"rendered":"<p>S\u00f3crates \u201cUma vida sem desafios, n\u00e3o vale a pena ser vivida\u201d. S\u00f3nia Gingado A Sabedoria do Intestino Neste livro vamos compreender que uma correta \u00abdigest\u00e3o\u00bb de alimentos e emo\u00e7\u00f5es \u00e9 fundamental para o nosso bom funcionamento interno e externo e, ainda, que a harmonia entre o intestino que digere os alimentos e o c\u00e9rebro que [&hellip;]<\/p>","protected":false},"author":1,"featured_media":0,"parent":0,"menu_order":0,"comment_status":"closed","ping_status":"closed","template":"","meta":{"_acf_changed":false,"pagelayer_contact_templates":[],"_pagelayer_content":"","footnotes":""},"class_list":["post-49764","page","type-page","status-publish","hentry"],"acf":[],"yoast_head":"<!-- This site is optimized with the Yoast SEO plugin v27.4 - https:\/\/yoast.com\/product\/yoast-seo-wordpress\/ -->\n<title>Livro - MindGut<\/title>\n<meta name=\"robots\" content=\"index, follow, max-snippet:-1, max-image-preview:large, max-video-preview:-1\" \/>\n<link rel=\"canonical\" href=\"https:\/\/soniagingado.pt\/en\/livro\/\" \/>\n<meta property=\"og:locale\" content=\"en_US\" \/>\n<meta property=\"og:type\" content=\"article\" \/>\n<meta property=\"og:title\" content=\"Livro - MindGut\" \/>\n<meta property=\"og:description\" content=\"S\u00f3crates \u201cUma vida sem desafios, n\u00e3o vale a pena ser vivida\u201d. S\u00f3nia Gingado A Sabedoria do Intestino Neste livro vamos compreender que uma correta \u00abdigest\u00e3o\u00bb de alimentos e emo\u00e7\u00f5es \u00e9 fundamental para o nosso bom funcionamento interno e externo e, ainda, que a harmonia entre o intestino que digere os alimentos e o c\u00e9rebro que [&hellip;]\" \/>\n<meta property=\"og:url\" content=\"https:\/\/soniagingado.pt\/en\/livro\/\" \/>\n<meta property=\"og:site_name\" content=\"MindGut\" \/>\n<meta property=\"article:modified_time\" content=\"2024-02-09T20:05:30+00:00\" \/>\n<meta property=\"og:image\" content=\"https:\/\/soniagingado.pt\/wp-content\/uploads\/2022\/03\/mindgut_icon_cor_pequeno_semFundo.png\" \/>\n<meta name=\"twitter:card\" content=\"summary_large_image\" \/>\n<meta name=\"twitter:label1\" content=\"Est. reading time\" \/>\n\t<meta name=\"twitter:data1\" content=\"2 minutes\" \/>\n<script type=\"application\/ld+json\" class=\"yoast-schema-graph\">{\"@context\":\"https:\\\/\\\/schema.org\",\"@graph\":[{\"@type\":\"WebPage\",\"@id\":\"https:\\\/\\\/soniagingado.pt\\\/livro\\\/\",\"url\":\"https:\\\/\\\/soniagingado.pt\\\/livro\\\/\",\"name\":\"Livro - MindGut\",\"isPartOf\":{\"@id\":\"https:\\\/\\\/soniagingado.pt\\\/#website\"},\"primaryImageOfPage\":{\"@id\":\"https:\\\/\\\/soniagingado.pt\\\/livro\\\/#primaryimage\"},\"image\":{\"@id\":\"https:\\\/\\\/soniagingado.pt\\\/livro\\\/#primaryimage\"},\"thumbnailUrl\":\"https:\\\/\\\/soniagingado.pt\\\/wp-content\\\/uploads\\\/2022\\\/03\\\/mindgut_icon_cor_pequeno_semFundo.png\",\"datePublished\":\"2022-03-29T18:15:46+00:00\",\"dateModified\":\"2024-02-09T20:05:30+00:00\",\"breadcrumb\":{\"@id\":\"https:\\\/\\\/soniagingado.pt\\\/livro\\\/#breadcrumb\"},\"inLanguage\":\"en-US\",\"potentialAction\":[{\"@type\":\"ReadAction\",\"target\":[\"https:\\\/\\\/soniagingado.pt\\\/livro\\\/\"]}]},{\"@type\":\"ImageObject\",\"inLanguage\":\"en-US\",\"@id\":\"https:\\\/\\\/soniagingado.pt\\\/livro\\\/#primaryimage\",\"url\":\"https:\\\/\\\/soniagingado.pt\\\/wp-content\\\/uploads\\\/2022\\\/03\\\/mindgut_icon_cor_pequeno_semFundo.png\",\"contentUrl\":\"https:\\\/\\\/soniagingado.pt\\\/wp-content\\\/uploads\\\/2022\\\/03\\\/mindgut_icon_cor_pequeno_semFundo.png\"},{\"@type\":\"BreadcrumbList\",\"@id\":\"https:\\\/\\\/soniagingado.pt\\\/livro\\\/#breadcrumb\",\"itemListElement\":[{\"@type\":\"ListItem\",\"position\":1,\"name\":\"Home\",\"item\":\"https:\\\/\\\/soniagingado.pt\\\/\"},{\"@type\":\"ListItem\",\"position\":2,\"name\":\"Livro\"}]},{\"@type\":\"WebSite\",\"@id\":\"https:\\\/\\\/soniagingado.pt\\\/#website\",\"url\":\"https:\\\/\\\/soniagingado.pt\\\/\",\"name\":\"MindGut\",\"description\":\"by S&oacute;nia Gingado\",\"publisher\":{\"@id\":\"https:\\\/\\\/soniagingado.pt\\\/#\\\/schema\\\/person\\\/96a5f1e95a5f28c1a847f4cb14e717e9\"},\"potentialAction\":[{\"@type\":\"SearchAction\",\"target\":{\"@type\":\"EntryPoint\",\"urlTemplate\":\"https:\\\/\\\/soniagingado.pt\\\/?s={search_term_string}\"},\"query-input\":{\"@type\":\"PropertyValueSpecification\",\"valueRequired\":true,\"valueName\":\"search_term_string\"}}],\"inLanguage\":\"en-US\"},{\"@type\":[\"Person\",\"Organization\"],\"@id\":\"https:\\\/\\\/soniagingado.pt\\\/#\\\/schema\\\/person\\\/96a5f1e95a5f28c1a847f4cb14e717e9\",\"name\":\"S\u00f3nia Gingado\",\"image\":{\"@type\":\"ImageObject\",\"inLanguage\":\"en-US\",\"@id\":\"https:\\\/\\\/soniagingado.pt\\\/wp-content\\\/uploads\\\/2022\\\/03\\\/sonia-gingado.png\",\"url\":\"https:\\\/\\\/soniagingado.pt\\\/wp-content\\\/uploads\\\/2022\\\/03\\\/sonia-gingado.png\",\"contentUrl\":\"https:\\\/\\\/soniagingado.pt\\\/wp-content\\\/uploads\\\/2022\\\/03\\\/sonia-gingado.png\",\"width\":854,\"height\":859,\"caption\":\"S\u00f3nia Gingado\"},\"logo\":{\"@id\":\"https:\\\/\\\/soniagingado.pt\\\/wp-content\\\/uploads\\\/2022\\\/03\\\/sonia-gingado.png\"},\"description\":\"S\u00f3nia Gingado nasceu em Lisboa e sempre esteve profundamente ligada \u00e0 Natureza, desde os ritmos, aos sons, passando pelas cores e pelas formas at\u00e9 ao que ainda n\u00e3o se viu, nem se conhece, sempre soube desde cedo que o seu prop\u00f3sito \u00e9 ajudar o pr\u00f3ximo. Come\u00e7ando por si mesma, iniciou o seu percurso acad\u00e9mico na \u00e1rea da sa\u00fade e nunca mais parou\u2026 Do seu percurso profissional e pessoal fazem parte a Naturopatia, a Fitoterapia, a Medicina Chinesa e a Hidroterapia do C\u00f3lon, \u00e1rea na qual se especializou e exerce h\u00e1 20 anos, como terapeuta e formadora internacional. A este percurso profissional tamb\u00e9m se juntaram a Iridologia Cl\u00ednica e Comportamental, a Mesoterapia Homeop\u00e1tica, a Cinesiologia Hol\u00edstica, a Nutri\u00e7\u00e3o Vegetal, a Alimenta\u00e7\u00e3o Macrobi\u00f3tica e a Psicologia, \u00e1rea atrav\u00e9s da qual procura fazer a \u201cponte\u201d entre o primeiro e o segundo c\u00e9rebro.\",\"sameAs\":[\"https:\\\/\\\/soniagingado.pt\"]}]}<\/script>\n<!-- \/ Yoast SEO plugin. -->","yoast_head_json":{"title":"Livro - MindGut","robots":{"index":"index","follow":"follow","max-snippet":"max-snippet:-1","max-image-preview":"max-image-preview:large","max-video-preview":"max-video-preview:-1"},"canonical":"https:\/\/soniagingado.pt\/en\/livro\/","og_locale":"en_US","og_type":"article","og_title":"Livro - MindGut","og_description":"S\u00f3crates \u201cUma vida sem desafios, n\u00e3o vale a pena ser vivida\u201d. S\u00f3nia Gingado A Sabedoria do Intestino Neste livro vamos compreender que uma correta \u00abdigest\u00e3o\u00bb de alimentos e emo\u00e7\u00f5es \u00e9 fundamental para o nosso bom funcionamento interno e externo e, ainda, que a harmonia entre o intestino que digere os alimentos e o c\u00e9rebro que [&hellip;]","og_url":"https:\/\/soniagingado.pt\/en\/livro\/","og_site_name":"MindGut","article_modified_time":"2024-02-09T20:05:30+00:00","og_image":[{"url":"https:\/\/soniagingado.pt\/wp-content\/uploads\/2022\/03\/mindgut_icon_cor_pequeno_semFundo.png","type":"","width":"","height":""}],"twitter_card":"summary_large_image","twitter_misc":{"Est. reading time":"2 minutes"},"schema":{"@context":"https:\/\/schema.org","@graph":[{"@type":"WebPage","@id":"https:\/\/soniagingado.pt\/livro\/","url":"https:\/\/soniagingado.pt\/livro\/","name":"Livro - MindGut","isPartOf":{"@id":"https:\/\/soniagingado.pt\/#website"},"primaryImageOfPage":{"@id":"https:\/\/soniagingado.pt\/livro\/#primaryimage"},"image":{"@id":"https:\/\/soniagingado.pt\/livro\/#primaryimage"},"thumbnailUrl":"https:\/\/soniagingado.pt\/wp-content\/uploads\/2022\/03\/mindgut_icon_cor_pequeno_semFundo.png","datePublished":"2022-03-29T18:15:46+00:00","dateModified":"2024-02-09T20:05:30+00:00","breadcrumb":{"@id":"https:\/\/soniagingado.pt\/livro\/#breadcrumb"},"inLanguage":"en-US","potentialAction":[{"@type":"ReadAction","target":["https:\/\/soniagingado.pt\/livro\/"]}]},{"@type":"ImageObject","inLanguage":"en-US","@id":"https:\/\/soniagingado.pt\/livro\/#primaryimage","url":"https:\/\/soniagingado.pt\/wp-content\/uploads\/2022\/03\/mindgut_icon_cor_pequeno_semFundo.png","contentUrl":"https:\/\/soniagingado.pt\/wp-content\/uploads\/2022\/03\/mindgut_icon_cor_pequeno_semFundo.png"},{"@type":"BreadcrumbList","@id":"https:\/\/soniagingado.pt\/livro\/#breadcrumb","itemListElement":[{"@type":"ListItem","position":1,"name":"Home","item":"https:\/\/soniagingado.pt\/"},{"@type":"ListItem","position":2,"name":"Livro"}]},{"@type":"WebSite","@id":"https:\/\/soniagingado.pt\/#website","url":"https:\/\/soniagingado.pt\/","name":"MindGut","description":"by S&oacute;nia Gingado","publisher":{"@id":"https:\/\/soniagingado.pt\/#\/schema\/person\/96a5f1e95a5f28c1a847f4cb14e717e9"},"potentialAction":[{"@type":"SearchAction","target":{"@type":"EntryPoint","urlTemplate":"https:\/\/soniagingado.pt\/?s={search_term_string}"},"query-input":{"@type":"PropertyValueSpecification","valueRequired":true,"valueName":"search_term_string"}}],"inLanguage":"en-US"},{"@type":["Person","Organization"],"@id":"https:\/\/soniagingado.pt\/#\/schema\/person\/96a5f1e95a5f28c1a847f4cb14e717e9","name":"S\u00f3nia Gingado","image":{"@type":"ImageObject","inLanguage":"en-US","@id":"https:\/\/soniagingado.pt\/wp-content\/uploads\/2022\/03\/sonia-gingado.png","url":"https:\/\/soniagingado.pt\/wp-content\/uploads\/2022\/03\/sonia-gingado.png","contentUrl":"https:\/\/soniagingado.pt\/wp-content\/uploads\/2022\/03\/sonia-gingado.png","width":854,"height":859,"caption":"S\u00f3nia Gingado"},"logo":{"@id":"https:\/\/soniagingado.pt\/wp-content\/uploads\/2022\/03\/sonia-gingado.png"},"description":"S\u00f3nia Gingado nasceu em Lisboa e sempre esteve profundamente ligada \u00e0 Natureza, desde os ritmos, aos sons, passando pelas cores e pelas formas at\u00e9 ao que ainda n\u00e3o se viu, nem se conhece, sempre soube desde cedo que o seu prop\u00f3sito \u00e9 ajudar o pr\u00f3ximo. Come\u00e7ando por si mesma, iniciou o seu percurso acad\u00e9mico na \u00e1rea da sa\u00fade e nunca mais parou\u2026 Do seu percurso profissional e pessoal fazem parte a Naturopatia, a Fitoterapia, a Medicina Chinesa e a Hidroterapia do C\u00f3lon, \u00e1rea na qual se especializou e exerce h\u00e1 20 anos, como terapeuta e formadora internacional. A este percurso profissional tamb\u00e9m se juntaram a Iridologia Cl\u00ednica e Comportamental, a Mesoterapia Homeop\u00e1tica, a Cinesiologia Hol\u00edstica, a Nutri\u00e7\u00e3o Vegetal, a Alimenta\u00e7\u00e3o Macrobi\u00f3tica e a Psicologia, \u00e1rea atrav\u00e9s da qual procura fazer a \u201cponte\u201d entre o primeiro e o segundo c\u00e9rebro.","sameAs":["https:\/\/soniagingado.pt"]}]}},"jetpack_sharing_enabled":true,"_links":{"self":[{"href":"https:\/\/soniagingado.pt\/en\/wp-json\/wp\/v2\/pages\/49764","targetHints":{"allow":["GET"]}}],"collection":[{"href":"https:\/\/soniagingado.pt\/en\/wp-json\/wp\/v2\/pages"}],"about":[{"href":"https:\/\/soniagingado.pt\/en\/wp-json\/wp\/v2\/types\/page"}],"author":[{"embeddable":true,"href":"https:\/\/soniagingado.pt\/en\/wp-json\/wp\/v2\/users\/1"}],"replies":[{"embeddable":true,"href":"https:\/\/soniagingado.pt\/en\/wp-json\/wp\/v2\/comments?post=49764"}],"version-history":[{"count":40,"href":"https:\/\/soniagingado.pt\/en\/wp-json\/wp\/v2\/pages\/49764\/revisions"}],"predecessor-version":[{"id":50365,"href":"https:\/\/soniagingado.pt\/en\/wp-json\/wp\/v2\/pages\/49764\/revisions\/50365"}],"wp:attachment":[{"href":"https:\/\/soniagingado.pt\/en\/wp-json\/wp\/v2\/media?parent=49764"}],"curies":[{"name":"wp","href":"https:\/\/api.w.org\/{rel}","templated":true}]}}