{"id":49819,"date":"2022-03-30T18:09:13","date_gmt":"2022-03-30T18:09:13","guid":{"rendered":"https:\/\/soniagingado.pt\/?page_id=49819"},"modified":"2022-06-28T19:30:49","modified_gmt":"2022-06-28T19:30:49","slug":"politica-de-privacidade","status":"publish","type":"page","link":"https:\/\/soniagingado.pt\/en\/politica-de-privacidade\/","title":{"rendered":"Privacy Policy"},"content":{"rendered":"<div data-elementor-type=\"wp-page\" data-elementor-id=\"49819\" class=\"elementor elementor-49819\" data-elementor-post-type=\"page\">\n\t\t\t\t\t\t<section class=\"elementor-section elementor-top-section elementor-element elementor-element-22dce59 elementor-section-stretched elementor-section-height-min-height elementor-section-boxed elementor-section-height-default elementor-section-items-middle\" data-id=\"22dce59\" data-element_type=\"section\" data-e-type=\"section\" data-settings=\"{&quot;stretch_section&quot;:&quot;section-stretched&quot;,&quot;background_background&quot;:&quot;classic&quot;}\">\n\t\t\t\t\t\t<div class=\"elementor-container elementor-column-gap-default\">\n\t\t\t\t\t<div class=\"elementor-column elementor-col-100 elementor-top-column elementor-element elementor-element-44df059\" data-id=\"44df059\" data-element_type=\"column\" data-e-type=\"column\">\n\t\t\t<div class=\"elementor-widget-wrap elementor-element-populated\">\n\t\t\t\t\t\t<div class=\"elementor-element elementor-element-a3ae398 elementor-widget elementor-widget-heading\" data-id=\"a3ae398\" data-element_type=\"widget\" data-e-type=\"widget\" data-widget_type=\"heading.default\">\n\t\t\t\t<div class=\"elementor-widget-container\">\n\t\t\t\t\t<h1 class=\"elementor-heading-title elementor-size-default\">Privacy Policy<\/h1>\t\t\t\t<\/div>\n\t\t\t\t<\/div>\n\t\t\t\t<div class=\"elementor-element elementor-element-63cd410 inner_banner_breadcrumb elementor-widget elementor-widget-breadcrumbs\" data-id=\"63cd410\" data-element_type=\"widget\" data-e-type=\"widget\" data-widget_type=\"breadcrumbs.default\">\n\t\t\t\t<div class=\"elementor-widget-container\">\n\t\t\t\t\t<p id=\"breadcrumbs\"><span><span><a href=\"https:\/\/soniagingado.pt\/en\/\">Home<\/a><\/span><\/span><\/p>\t\t\t\t<\/div>\n\t\t\t\t<\/div>\n\t\t\t\t\t<\/div>\n\t\t<\/div>\n\t\t\t\t\t<\/div>\n\t\t<\/section>\n\t\t\t\t<section class=\"elementor-section elementor-top-section elementor-element elementor-element-45a1f83a elementor-section-boxed elementor-section-height-default elementor-section-height-default\" data-id=\"45a1f83a\" data-element_type=\"section\" data-e-type=\"section\">\n\t\t\t\t\t\t<div class=\"elementor-container elementor-column-gap-default\">\n\t\t\t\t\t<div class=\"elementor-column elementor-col-100 elementor-top-column elementor-element elementor-element-e351295\" data-id=\"e351295\" data-element_type=\"column\" data-e-type=\"column\">\n\t\t\t<div class=\"elementor-widget-wrap elementor-element-populated\">\n\t\t\t\t\t\t<div class=\"elementor-element elementor-element-3628f091 elementor-widget elementor-widget-text-editor\" data-id=\"3628f091\" data-element_type=\"widget\" data-e-type=\"widget\" data-widget_type=\"text-editor.default\">\n\t\t\t\t<div class=\"elementor-widget-container\">\n\t\t\t\t\t\t\t\t\t<p><span style=\"font-weight: 400;\">This Privacy Policy describes who we are, what we may use your data for, how we treat it, who we share it with, how long we keep it, as well as ways to contact us and exercise your rights.<\/span><\/p><p><span style=\"font-weight: 400;\">\u00a0<\/span><\/p><h4><span style=\"font-weight: 400;\">WHO ARE WE?<\/span><\/h4><p><span style=\"font-weight: 400;\">Your data will be processed by S\u00f3nia Gingado, telephone number +351 917 135 701, hereinafter \"SG\" or \"we\".<\/span><\/p><p><span style=\"font-weight: 400;\">SG is responsible for the processing of personal data within the scope of the General Data Protection Regulation.<\/span><\/p><h4>\u00a0<\/h4><h4><span style=\"font-weight: 400;\">WHY DO WE HANDLE YOUR INFORMATION?<\/span><\/h4><p><span style=\"font-weight: 400;\">SG will only process your personal data when:<\/span><\/p><p style=\"padding-left: 40px;\"><span style=\"font-weight: 400;\">1 - Has a legitimate interest to do so, namely to<\/span><\/p><ul><li style=\"list-style-type: none;\"><ul><li style=\"font-weight: 400;\" aria-level=\"1\"><span style=\"font-weight: 400;\">Development and maintenance of our website;<\/span><\/li><li style=\"font-weight: 400;\" aria-level=\"1\"><span style=\"font-weight: 400;\">Provision of technical assistance;<\/span><\/li><li style=\"font-weight: 400;\" aria-level=\"1\"><span style=\"font-weight: 400;\">Prevention and detection of fraud;<\/span><\/li><li style=\"font-weight: 400;\" aria-level=\"1\"><span style=\"font-weight: 400;\">Ensuring network and information security;<\/span><\/li><li style=\"font-weight: 400;\" aria-level=\"1\"><span style=\"font-weight: 400;\">Provision of services or information;<\/span><\/li><li style=\"font-weight: 400;\" aria-level=\"1\"><span style=\"font-weight: 400;\">As long as, in each case, our interest is in accordance with the applicable legislation and your rights.<\/span><\/li><\/ul><\/li><\/ul><p style=\"padding-left: 40px;\"><span style=\"font-weight: 400;\">2 - Has obtained your consent to process your personal data for specific, explicit and legitimate purposes; and\/or<\/span><\/p><p style=\"padding-left: 40px;\"><span style=\"font-weight: 400;\">3 - It's necessary to comply with legal obligations that apply to it.<\/span><\/p><h4>\u00a0<\/h4><h4><span style=\"font-weight: 400;\">FOR WHAT PURPOSES DO WE PROCESS YOUR DATA?<\/span><\/h4><p><span style=\"font-weight: 400;\">When you fill out the forms provided on our Website, your personal data (such as name, e-mail address, phone number or address) is collected by us and processed in order to respond to your questions, requests or to provide you with information.<\/span><\/p><p><span style=\"font-weight: 400;\">By providing us with your contact details, SG may contact you for marketing purposes related to its services, provided that you have consented to the processing of your personal data for such purposes. If you consent, you may receive marketing communications via email. You may at any time object to this data being processed.<\/span><\/p><p><span style=\"font-weight: 400;\">The personal data you provided will also be processed for the purposes indicated at the time of collection.<\/span><\/p><p><span style=\"font-weight: 400;\">Your consent is essential for SG to process your personal data for the above mentioned purposes; however, if you choose not to give your consent, your visit and use of our Website will not be affected.<\/span><\/p><h4>\u00a0<\/h4><h4><span style=\"font-weight: 400;\">HOW LONG DO WE KEEP YOUR INFORMATION?<\/span><\/h4><p><span style=\"font-weight: 400;\">Our policy is to keep data only for as long as is necessary to fulfill the purposes for which it was collected. However, in certain cases we may keep data for longer periods, particularly when required to do so by law.<\/span><\/p><h4>\u00a0<\/h4><h4><span style=\"font-weight: 400;\">WHAT RIGHTS DO I HAVE?<\/span><\/h4><p><span style=\"font-weight: 400;\">At any time, you may:<\/span><\/p><ul><li style=\"font-weight: 400;\" aria-level=\"1\"><span style=\"font-weight: 400;\">Request access to the information we hold about you<\/span><\/li><\/ul><p><span style=\"font-weight: 400;\">As the holder of personal data, you have the right to obtain confirmation as to whether or not data concerning you are being processed and, where appropriate, to access your personal data and to access the information required by law.<\/span><\/p><ul><li style=\"font-weight: 400;\" aria-level=\"1\"><span style=\"font-weight: 400;\">Request rectification of information if it is inaccurate or incomplete<\/span><\/li><\/ul><p><span style=\"font-weight: 400;\">As the holder of personal data, you have the right to have SG rectify without undue delay inaccurate or incomplete data concerning you.<\/span><\/p><ul><li style=\"font-weight: 400;\" aria-level=\"1\"><span style=\"font-weight: 400;\">Requesting the deletion of your personal data<\/span><\/li><\/ul><p><span style=\"font-weight: 400;\">As the holder of personal data, you have the right to request us to erase your data without undue delay, and SG shall be obliged to erase the personal data without undue delay where in specific cases one of the following grounds applies<\/span><\/p><ol><li style=\"font-weight: 400;\" aria-level=\"1\"><span style=\"font-weight: 400;\">The personal data is no longer necessary for the purpose for which it was collected or processed;<\/span><\/li><li style=\"font-weight: 400;\" aria-level=\"1\"><span style=\"font-weight: 400;\">You have withdrawn your consent to the data processing (in cases where the processing is based on consent) and there is no other ground for such processing;<\/span><\/li><li style=\"font-weight: 400;\" aria-level=\"1\"><span style=\"font-weight: 400;\">You object to the processing and there are no overriding legitimate interests justifying the processing.<\/span><\/li><\/ol><ul><li style=\"font-weight: 400;\" aria-level=\"1\"><span style=\"font-weight: 400;\">Requesting the limitation of the processing of your personal data<\/span><\/li><\/ul><p><span style=\"font-weight: 400;\">As a data holder you have the right to obtain from us the restriction of the processing of your data if one of the following situations applies:<\/span><\/p><ol><li style=\"font-weight: 400;\" aria-level=\"1\"><span style=\"font-weight: 400;\">Dispute the accuracy of the personal data, for a period that allows SG to verify its accuracy;<\/span><\/li><li style=\"font-weight: 400;\" aria-level=\"1\"><span style=\"font-weight: 400;\">The data processing is lawful and the data subject opposes the erasure of the personal data and requests, in return, the limitation of its use;<\/span><\/li><li style=\"font-weight: 400;\" aria-level=\"1\"><span style=\"font-weight: 400;\">SG no longer needs the personal data for the purpose of processing, but they are required by the data subject for the establishment, exercise or defence of legal claims;<\/span><\/li><li style=\"font-weight: 400;\" aria-level=\"1\"><span style=\"font-weight: 400;\">You have objected to the processing until it is established that the legitimate grounds of the controller override those of the data subject.<\/span><\/li><\/ol><ul><li style=\"font-weight: 400;\">Object to the processing of your personal data - a) where data processing is carried out for the purposes of the legitimate interests pursued by SG or b) data processing is carried out for direct marketing purposes or c) profiling, you may also object to the processing of your personal data at any time.<\/li><li style=\"font-weight: 400;\">If the processing is based on your consent, you have the right to withdraw it.<\/li><\/ul><p><span style=\"font-weight: 400;\">If consent is legally necessary for the processing of personal data, the data holder has the right to withdraw consent at any time, although this right shall not affect the lawfulness of the processing carried out on the basis of the consent previously given nor the further processing of the same data based on another legal basis, such as the performance of the contract or the legal obligation to which SG is bound.<\/span><\/p><p><span style=\"font-weight: 400;\">Should you wish to exercise any of your rights, please contact us in writing at <a href=\"mailto:info@soniagingado.pt\">info@soniagingado.pt<\/a>.<\/span><\/p><p><span style=\"font-weight: 400;\">Your requests will be treated with special care so that we can ensure the effectiveness of your rights. You may be asked to provide proof of your identity in order to ensure that personal data is only shared with the data subject.  You should be aware that in certain cases (e.g. due to legal requirements) your request might not be fulfilled immediately.<\/span><\/p><p><span style=\"font-weight: 400;\">In any case, you will be informed of the measures taken to this effect within one (1) month from the moment the request is made.<\/span><\/p><p><span style=\"font-weight: 400;\">You also have the right to lodge a complaint with the <\/span><a href=\"https:\/\/www.cnpd.pt\/\"><span style=\"font-weight: 400;\">CNPD<\/span><\/a><span style=\"font-weight: 400;\"> .<\/span><\/p><h4>\u00a0<\/h4><h4><span style=\"font-weight: 400;\">SECURITY AND CONFIDENTIALITY<\/span><\/h4><p><span style=\"font-weight: 400;\">We strive to keep your data secure, and employ appropriate security measures to ensure that your personal data is protected and cannot be accessed by unauthorized parties. We subject our security systems and policies to periodic review to ensure that data is safe and secure. However, the transmission of information via the Internet is not completely secure, and we cannot absolutely guarantee the security of information transmitted via our Website.<\/span><\/p><p><span style=\"font-weight: 400;\">We also respect the confidentiality of your information. As such, we do not sell, distribute or otherwise make your information commercially available to any third party. SG is committed to keeping your information confidential in accordance with this Privacy Policy and applicable law.<\/span><\/p><h4>\u00a0<\/h4><h4><span style=\"font-weight: 400;\">DO YOU HAVE ANY QUESTIONS?<\/span><\/h4><p><span style=\"font-weight: 400;\">If you still have any questions regarding the processing of your personal data, or if you wish to exercise any of your rights, please contact us:<\/span><\/p><ul><li style=\"font-weight: 400;\" aria-level=\"1\"><span style=\"font-weight: 400;\">E-mail: <a href=\"mailto:info@soniagingado.pt\">info@soniagingado.pt<\/a><\/span><\/li><li style=\"font-weight: 400;\" aria-level=\"1\"><span style=\"font-weight: 400;\">Phone number: +351 917 135 701<\/span><\/li><\/ul><p><span style=\"font-weight: 400;\">Please note that SG will occasionally update this Privacy Policy. We ask that you periodically review this document to stay up to date.<\/span><\/p>\t\t\t\t\t\t\t\t<\/div>\n\t\t\t\t<\/div>\n\t\t\t\t\t<\/div>\n\t\t<\/div>\n\t\t\t\t\t<\/div>\n\t\t<\/section>\n\t\t\t\t<\/div>","protected":false},"excerpt":{"rendered":"<p>Esta Pol\u00edtica de Privacidade descreve quem somos, para que finalidades podemos usar os seus dados, como os tratamos, com quem os partilhamos, durante quanto tempo os conservamos, assim como as formas de entrar em contacto connosco e de exercer os seus direitos. \u00a0 QUEM SOMOS? Os seus dados ser\u00e3o tratados por S\u00f3nia Gingado, n\u00famero de [&hellip;]<\/p>","protected":false},"author":1,"featured_media":0,"parent":0,"menu_order":0,"comment_status":"closed","ping_status":"closed","template":"","meta":{"_acf_changed":false,"pagelayer_contact_templates":[],"_pagelayer_content":"","footnotes":""},"class_list":["post-49819","page","type-page","status-publish","hentry"],"acf":[],"yoast_head":"<!-- This site is optimized with the Yoast SEO plugin v27.4 - https:\/\/yoast.com\/product\/yoast-seo-wordpress\/ -->\n<title>Pol\u00edtica de Privacidade - MindGut<\/title>\n<meta name=\"robots\" content=\"index, follow, max-snippet:-1, max-image-preview:large, max-video-preview:-1\" \/>\n<link rel=\"canonical\" href=\"https:\/\/soniagingado.pt\/en\/politica-de-privacidade\/\" \/>\n<meta property=\"og:locale\" content=\"en_US\" \/>\n<meta property=\"og:type\" content=\"article\" \/>\n<meta property=\"og:title\" content=\"Pol\u00edtica de Privacidade - MindGut\" \/>\n<meta property=\"og:description\" content=\"Esta Pol\u00edtica de Privacidade descreve quem somos, para que finalidades podemos usar os seus dados, como os tratamos, com quem os partilhamos, durante quanto tempo os conservamos, assim como as formas de entrar em contacto connosco e de exercer os seus direitos. \u00a0 QUEM SOMOS? Os seus dados ser\u00e3o tratados por S\u00f3nia Gingado, n\u00famero de [&hellip;]\" \/>\n<meta property=\"og:url\" content=\"https:\/\/soniagingado.pt\/en\/politica-de-privacidade\/\" \/>\n<meta property=\"og:site_name\" content=\"MindGut\" \/>\n<meta property=\"article:modified_time\" content=\"2022-06-28T19:30:49+00:00\" \/>\n<meta name=\"twitter:card\" content=\"summary_large_image\" \/>\n<meta name=\"twitter:label1\" content=\"Est. reading time\" \/>\n\t<meta name=\"twitter:data1\" content=\"7 minutes\" \/>\n<script type=\"application\/ld+json\" class=\"yoast-schema-graph\">{\"@context\":\"https:\\\/\\\/schema.org\",\"@graph\":[{\"@type\":\"WebPage\",\"@id\":\"https:\\\/\\\/soniagingado.pt\\\/politica-de-privacidade\\\/\",\"url\":\"https:\\\/\\\/soniagingado.pt\\\/politica-de-privacidade\\\/\",\"name\":\"Pol\u00edtica de Privacidade - MindGut\",\"isPartOf\":{\"@id\":\"https:\\\/\\\/soniagingado.pt\\\/#website\"},\"datePublished\":\"2022-03-30T18:09:13+00:00\",\"dateModified\":\"2022-06-28T19:30:49+00:00\",\"breadcrumb\":{\"@id\":\"https:\\\/\\\/soniagingado.pt\\\/politica-de-privacidade\\\/#breadcrumb\"},\"inLanguage\":\"en-US\",\"potentialAction\":[{\"@type\":\"ReadAction\",\"target\":[\"https:\\\/\\\/soniagingado.pt\\\/politica-de-privacidade\\\/\"]}]},{\"@type\":\"BreadcrumbList\",\"@id\":\"https:\\\/\\\/soniagingado.pt\\\/politica-de-privacidade\\\/#breadcrumb\",\"itemListElement\":[{\"@type\":\"ListItem\",\"position\":1,\"name\":\"Home\",\"item\":\"https:\\\/\\\/soniagingado.pt\\\/\"},{\"@type\":\"ListItem\",\"position\":2,\"name\":\"Pol\u00edtica de Privacidade\"}]},{\"@type\":\"WebSite\",\"@id\":\"https:\\\/\\\/soniagingado.pt\\\/#website\",\"url\":\"https:\\\/\\\/soniagingado.pt\\\/\",\"name\":\"MindGut\",\"description\":\"by S&oacute;nia Gingado\",\"publisher\":{\"@id\":\"https:\\\/\\\/soniagingado.pt\\\/#\\\/schema\\\/person\\\/96a5f1e95a5f28c1a847f4cb14e717e9\"},\"potentialAction\":[{\"@type\":\"SearchAction\",\"target\":{\"@type\":\"EntryPoint\",\"urlTemplate\":\"https:\\\/\\\/soniagingado.pt\\\/?s={search_term_string}\"},\"query-input\":{\"@type\":\"PropertyValueSpecification\",\"valueRequired\":true,\"valueName\":\"search_term_string\"}}],\"inLanguage\":\"en-US\"},{\"@type\":[\"Person\",\"Organization\"],\"@id\":\"https:\\\/\\\/soniagingado.pt\\\/#\\\/schema\\\/person\\\/96a5f1e95a5f28c1a847f4cb14e717e9\",\"name\":\"S\u00f3nia Gingado\",\"image\":{\"@type\":\"ImageObject\",\"inLanguage\":\"en-US\",\"@id\":\"https:\\\/\\\/soniagingado.pt\\\/wp-content\\\/uploads\\\/2022\\\/03\\\/sonia-gingado.png\",\"url\":\"https:\\\/\\\/soniagingado.pt\\\/wp-content\\\/uploads\\\/2022\\\/03\\\/sonia-gingado.png\",\"contentUrl\":\"https:\\\/\\\/soniagingado.pt\\\/wp-content\\\/uploads\\\/2022\\\/03\\\/sonia-gingado.png\",\"width\":854,\"height\":859,\"caption\":\"S\u00f3nia Gingado\"},\"logo\":{\"@id\":\"https:\\\/\\\/soniagingado.pt\\\/wp-content\\\/uploads\\\/2022\\\/03\\\/sonia-gingado.png\"},\"description\":\"S\u00f3nia Gingado nasceu em Lisboa e sempre esteve profundamente ligada \u00e0 Natureza, desde os ritmos, aos sons, passando pelas cores e pelas formas at\u00e9 ao que ainda n\u00e3o se viu, nem se conhece, sempre soube desde cedo que o seu prop\u00f3sito \u00e9 ajudar o pr\u00f3ximo. Come\u00e7ando por si mesma, iniciou o seu percurso acad\u00e9mico na \u00e1rea da sa\u00fade e nunca mais parou\u2026 Do seu percurso profissional e pessoal fazem parte a Naturopatia, a Fitoterapia, a Medicina Chinesa e a Hidroterapia do C\u00f3lon, \u00e1rea na qual se especializou e exerce h\u00e1 20 anos, como terapeuta e formadora internacional. A este percurso profissional tamb\u00e9m se juntaram a Iridologia Cl\u00ednica e Comportamental, a Mesoterapia Homeop\u00e1tica, a Cinesiologia Hol\u00edstica, a Nutri\u00e7\u00e3o Vegetal, a Alimenta\u00e7\u00e3o Macrobi\u00f3tica e a Psicologia, \u00e1rea atrav\u00e9s da qual procura fazer a \u201cponte\u201d entre o primeiro e o segundo c\u00e9rebro.\",\"sameAs\":[\"https:\\\/\\\/soniagingado.pt\"]}]}<\/script>\n<!-- \/ Yoast SEO plugin. -->","yoast_head_json":{"title":"Pol\u00edtica de Privacidade - MindGut","robots":{"index":"index","follow":"follow","max-snippet":"max-snippet:-1","max-image-preview":"max-image-preview:large","max-video-preview":"max-video-preview:-1"},"canonical":"https:\/\/soniagingado.pt\/en\/politica-de-privacidade\/","og_locale":"en_US","og_type":"article","og_title":"Pol\u00edtica de Privacidade - MindGut","og_description":"Esta Pol\u00edtica de Privacidade descreve quem somos, para que finalidades podemos usar os seus dados, como os tratamos, com quem os partilhamos, durante quanto tempo os conservamos, assim como as formas de entrar em contacto connosco e de exercer os seus direitos. \u00a0 QUEM SOMOS? Os seus dados ser\u00e3o tratados por S\u00f3nia Gingado, n\u00famero de [&hellip;]","og_url":"https:\/\/soniagingado.pt\/en\/politica-de-privacidade\/","og_site_name":"MindGut","article_modified_time":"2022-06-28T19:30:49+00:00","twitter_card":"summary_large_image","twitter_misc":{"Est. reading time":"7 minutes"},"schema":{"@context":"https:\/\/schema.org","@graph":[{"@type":"WebPage","@id":"https:\/\/soniagingado.pt\/politica-de-privacidade\/","url":"https:\/\/soniagingado.pt\/politica-de-privacidade\/","name":"Pol\u00edtica de Privacidade - MindGut","isPartOf":{"@id":"https:\/\/soniagingado.pt\/#website"},"datePublished":"2022-03-30T18:09:13+00:00","dateModified":"2022-06-28T19:30:49+00:00","breadcrumb":{"@id":"https:\/\/soniagingado.pt\/politica-de-privacidade\/#breadcrumb"},"inLanguage":"en-US","potentialAction":[{"@type":"ReadAction","target":["https:\/\/soniagingado.pt\/politica-de-privacidade\/"]}]},{"@type":"BreadcrumbList","@id":"https:\/\/soniagingado.pt\/politica-de-privacidade\/#breadcrumb","itemListElement":[{"@type":"ListItem","position":1,"name":"Home","item":"https:\/\/soniagingado.pt\/"},{"@type":"ListItem","position":2,"name":"Pol\u00edtica de Privacidade"}]},{"@type":"WebSite","@id":"https:\/\/soniagingado.pt\/#website","url":"https:\/\/soniagingado.pt\/","name":"MindGut","description":"by S&oacute;nia Gingado","publisher":{"@id":"https:\/\/soniagingado.pt\/#\/schema\/person\/96a5f1e95a5f28c1a847f4cb14e717e9"},"potentialAction":[{"@type":"SearchAction","target":{"@type":"EntryPoint","urlTemplate":"https:\/\/soniagingado.pt\/?s={search_term_string}"},"query-input":{"@type":"PropertyValueSpecification","valueRequired":true,"valueName":"search_term_string"}}],"inLanguage":"en-US"},{"@type":["Person","Organization"],"@id":"https:\/\/soniagingado.pt\/#\/schema\/person\/96a5f1e95a5f28c1a847f4cb14e717e9","name":"S\u00f3nia Gingado","image":{"@type":"ImageObject","inLanguage":"en-US","@id":"https:\/\/soniagingado.pt\/wp-content\/uploads\/2022\/03\/sonia-gingado.png","url":"https:\/\/soniagingado.pt\/wp-content\/uploads\/2022\/03\/sonia-gingado.png","contentUrl":"https:\/\/soniagingado.pt\/wp-content\/uploads\/2022\/03\/sonia-gingado.png","width":854,"height":859,"caption":"S\u00f3nia Gingado"},"logo":{"@id":"https:\/\/soniagingado.pt\/wp-content\/uploads\/2022\/03\/sonia-gingado.png"},"description":"S\u00f3nia Gingado nasceu em Lisboa e sempre esteve profundamente ligada \u00e0 Natureza, desde os ritmos, aos sons, passando pelas cores e pelas formas at\u00e9 ao que ainda n\u00e3o se viu, nem se conhece, sempre soube desde cedo que o seu prop\u00f3sito \u00e9 ajudar o pr\u00f3ximo. Come\u00e7ando por si mesma, iniciou o seu percurso acad\u00e9mico na \u00e1rea da sa\u00fade e nunca mais parou\u2026 Do seu percurso profissional e pessoal fazem parte a Naturopatia, a Fitoterapia, a Medicina Chinesa e a Hidroterapia do C\u00f3lon, \u00e1rea na qual se especializou e exerce h\u00e1 20 anos, como terapeuta e formadora internacional. A este percurso profissional tamb\u00e9m se juntaram a Iridologia Cl\u00ednica e Comportamental, a Mesoterapia Homeop\u00e1tica, a Cinesiologia Hol\u00edstica, a Nutri\u00e7\u00e3o Vegetal, a Alimenta\u00e7\u00e3o Macrobi\u00f3tica e a Psicologia, \u00e1rea atrav\u00e9s da qual procura fazer a \u201cponte\u201d entre o primeiro e o segundo c\u00e9rebro.","sameAs":["https:\/\/soniagingado.pt"]}]}},"jetpack_sharing_enabled":true,"_links":{"self":[{"href":"https:\/\/soniagingado.pt\/en\/wp-json\/wp\/v2\/pages\/49819","targetHints":{"allow":["GET"]}}],"collection":[{"href":"https:\/\/soniagingado.pt\/en\/wp-json\/wp\/v2\/pages"}],"about":[{"href":"https:\/\/soniagingado.pt\/en\/wp-json\/wp\/v2\/types\/page"}],"author":[{"embeddable":true,"href":"https:\/\/soniagingado.pt\/en\/wp-json\/wp\/v2\/users\/1"}],"replies":[{"embeddable":true,"href":"https:\/\/soniagingado.pt\/en\/wp-json\/wp\/v2\/comments?post=49819"}],"version-history":[{"count":33,"href":"https:\/\/soniagingado.pt\/en\/wp-json\/wp\/v2\/pages\/49819\/revisions"}],"predecessor-version":[{"id":50248,"href":"https:\/\/soniagingado.pt\/en\/wp-json\/wp\/v2\/pages\/49819\/revisions\/50248"}],"wp:attachment":[{"href":"https:\/\/soniagingado.pt\/en\/wp-json\/wp\/v2\/media?parent=49819"}],"curies":[{"name":"wp","href":"https:\/\/api.w.org\/{rel}","templated":true}]}}