{"id":49822,"date":"2022-03-30T19:21:20","date_gmt":"2022-03-30T19:21:20","guid":{"rendered":"https:\/\/soniagingado.pt\/?page_id=49822"},"modified":"2022-03-31T15:26:44","modified_gmt":"2022-03-31T15:26:44","slug":"politica-de-cookies","status":"publish","type":"page","link":"https:\/\/soniagingado.pt\/en\/politica-de-cookies\/","title":{"rendered":"Cookies Policy"},"content":{"rendered":"<div data-elementor-type=\"wp-page\" data-elementor-id=\"49822\" class=\"elementor elementor-49822\" data-elementor-post-type=\"page\">\n\t\t\t\t\t\t<section class=\"elementor-section elementor-top-section elementor-element elementor-element-440520b elementor-section-stretched elementor-section-height-min-height elementor-section-boxed elementor-section-height-default elementor-section-items-middle\" data-id=\"440520b\" data-element_type=\"section\" data-e-type=\"section\" data-settings=\"{&quot;stretch_section&quot;:&quot;section-stretched&quot;,&quot;background_background&quot;:&quot;classic&quot;}\">\n\t\t\t\t\t\t<div class=\"elementor-container elementor-column-gap-default\">\n\t\t\t\t\t<div class=\"elementor-column elementor-col-100 elementor-top-column elementor-element elementor-element-928441e\" data-id=\"928441e\" data-element_type=\"column\" data-e-type=\"column\">\n\t\t\t<div class=\"elementor-widget-wrap elementor-element-populated\">\n\t\t\t\t\t\t<div class=\"elementor-element elementor-element-7b498d5 elementor-widget elementor-widget-heading\" data-id=\"7b498d5\" data-element_type=\"widget\" data-e-type=\"widget\" data-widget_type=\"heading.default\">\n\t\t\t\t<div class=\"elementor-widget-container\">\n\t\t\t\t\t<h1 class=\"elementor-heading-title elementor-size-default\">Cookies Policy<\/h1>\t\t\t\t<\/div>\n\t\t\t\t<\/div>\n\t\t\t\t<div class=\"elementor-element elementor-element-32565db inner_banner_breadcrumb elementor-widget elementor-widget-breadcrumbs\" data-id=\"32565db\" data-element_type=\"widget\" data-e-type=\"widget\" data-widget_type=\"breadcrumbs.default\">\n\t\t\t\t<div class=\"elementor-widget-container\">\n\t\t\t\t\t<p id=\"breadcrumbs\"><span><span><a href=\"https:\/\/soniagingado.pt\/en\/\">Home<\/a><\/span><\/span><\/p>\t\t\t\t<\/div>\n\t\t\t\t<\/div>\n\t\t\t\t\t<\/div>\n\t\t<\/div>\n\t\t\t\t\t<\/div>\n\t\t<\/section>\n\t\t\t\t<section class=\"elementor-section elementor-top-section elementor-element elementor-element-44b8799d elementor-section-boxed elementor-section-height-default elementor-section-height-default\" data-id=\"44b8799d\" data-element_type=\"section\" data-e-type=\"section\">\n\t\t\t\t\t\t<div class=\"elementor-container elementor-column-gap-default\">\n\t\t\t\t\t<div class=\"elementor-column elementor-col-100 elementor-top-column elementor-element elementor-element-43440c10\" data-id=\"43440c10\" data-element_type=\"column\" data-e-type=\"column\">\n\t\t\t<div class=\"elementor-widget-wrap elementor-element-populated\">\n\t\t\t\t\t\t<div class=\"elementor-element elementor-element-4ed12eaa elementor-widget elementor-widget-text-editor\" data-id=\"4ed12eaa\" data-element_type=\"widget\" data-e-type=\"widget\" data-widget_type=\"text-editor.default\">\n\t\t\t\t<div class=\"elementor-widget-container\">\n\t\t\t\t\t\t\t\t\t<p><span style=\"font-weight: 400;\">S\u00f3nia Gingado, phone number +351 917 135 701, email: <a href=\"mailto:info@soniagingado.pt\">info@soniagingado.pt<\/a>, hereinafter \"SG\" or \"we\", uses cookies to continually improve the experience of visitors to its Website. Cookies can directly enhance that experience (for example, by remembering your choice of language and other specific settings) or may even be necessary to provide the services you legally and properly request (for example, by remembering your selection of cookie settings).<\/span><\/p><p><span style=\"font-weight: 400;\">\u00a0<\/span><\/p><h4><span style=\"font-weight: 400;\">WHAT ARE COOKIES?<\/span><\/h4><p><span style=\"font-weight: 400;\">Cookies are small text files that are stored on your device when you visit a web page. A cookie usually contains the name of the website of origin, its duration (i.e. the length of time the cookie will remain on your device) and a value (which is usually a randomly generated unique number). The information collected does not identify the user, only the computer used.<\/span><\/p><p><span style=\"font-weight: 400;\">Thanks to cookies, SG can, for example, ensure that the information displayed on the screen during the user's next visit to the website is adjusted to the user's preferences. With the help of cookies, SG can also identify the most popular sections of its Website, as they allow SG to know which pages users visit and how long they spend browsing them. Based on this aggregated data, we can adjust our Website to better reflect visitor preferences and provide a more customer-oriented experience. Finally, cookies may facilitate the use of certain third-party applications, such as social media links.\nThe use of this type of technology is common practice, it does not harm the users\u2019 equipment and the different browsers allow each user to have the possibility of refusing its use and\/or to proceed with the deletion of those that have already been stored.<\/span><\/p><p><span style=\"font-weight: 400;\">\u00a0<\/span><\/p><h4><span style=\"font-weight: 400;\">WHAT CATEGORIES OF COOKIES DO WE USE?<\/span><\/h4><p><span style=\"font-weight: 400;\">We may use two types of cookies on our website - \"session cookies\" and \" permanent cookies\". Session cookies are temporary and only remain on your device while you are browsing the website. Permanent cookies remain on your device even after you have finished your browsing session.<\/span><\/p><p><span style=\"font-weight: 400;\">With regard to their origin, we can also divide cookies into \"necessary cookies\" and \"third-party cookies\". Necessary cookies are placed on the Website directly by us to enable its regular navigation, improve its functionality or to meet legal requirements. Third party cookies are cookies that are placed on the Website by third parties chosen by us to support some features of the Website.<\/span><\/p><p><span style=\"font-weight: 400;\">As for their division, cookies can be: necessary, functional, analytical, or external functionality.<\/span><\/p><p><span style=\"font-weight: 400;\">\u00a0<\/span><\/p><table><tbody><tr><td><span style=\"font-weight: 400;\">Type of cookies<\/span><\/td><td><span style=\"font-weight: 400;\">What is their purpose?<\/span><\/td><td><span style=\"font-weight: 400;\">How do they affect your privacy?<\/span><\/td><\/tr><tr><td><span style=\"font-weight: 400;\">Necessary cookies<\/span><\/td><td><span style=\"font-weight: 400;\">These cookies are necessary for the correct functioning of the website. They make it possible to navigate on the website and use its features. For example, this type of cookies allows you to navigate from one page to the next and store information necessary to complete forms.<\/span><\/td><td><span style=\"font-weight: 400;\">These cookies are applied automatically for the duration of each session or for longer periods depending on their purpose. Since they are necessary to allow you to browse the Website on a regular basis or to meet legal criteria, you cannot disable them. If you prefer that cookies are not installed on your device, you can stop your visit to the Website at any time.<\/span><\/td><\/tr><tr><td><span style=\"font-weight: 400;\">Functionality cookies<\/span><\/td><td><span style=\"font-weight: 400;\">These cookies record your choices in areas where you have provided us with personal information (such as your username, language or the region you are in). These cookies may also be used to remember changes you make, for example, to text size, fonts and other parts of the Website that can be customized or to remember your browsing history or the fact that you have already visited the Website.<\/span><\/td><td><p><span style=\"font-weight: 400;\">The information these cookies collect may include technical information which is processed according to your visit and which is associated with your device, although you will remain anonymous. You have the ability to choose not to allow their use or to manually disable them in your settings, although this may influence your experience on the Website.<\/span><\/p><p><span style=\"font-weight: 400;\">Sometimes these cookies may be set to memorize personally identifiable information that you have disclosed, such as your username or profile picture. When disclosing such personal data, you will be asked for your consent or at least clearly informed of our privacy rules.\u00a0 If you decide to disclose your data and request specific services, these cookies will be necessary to provide these services.<\/span><\/p><\/td><\/tr><tr><td><span style=\"font-weight: 400;\">Analysis cookies<\/span><\/td><td><span style=\"font-weight: 400;\">These cookies are third-party cookies (e.g., Google Analytics) that help the Website understand how visitors engage with the Website (e.g., identifying how visitors arrived at the Website, what operating system and browser type visitors used, the time and duration of the visit, what pages were visited, visitors' age, gender, and interests, among others).<\/span><\/td><td><span style=\"font-weight: 400;\">The information these cookies collect is not linked to an identified or identifiable person and is used primarily for statistical purposes. They allow SG to better adjust the website and its applications to the diverse needs and desires of its visitors. We request your consent for their use.<\/span><\/td><\/tr><tr><td><span style=\"font-weight: 400;\">External functionalities<\/span><\/td><td><span style=\"font-weight: 400;\">These cookies are third-party cookies that we choose to place on the Website to enhance its functionality (for example, to ensure that you can use widgets for Facebook, Twitter, and others directly on the Website, redirect you through social media platforms like Facebook and Instagram, or monitor your geolocation to direct you to the nearest dealer if necessary).<\/span><\/td><td><span style=\"font-weight: 400;\">Usually, these cookies are associated with your personal device or even with the personal data you decide to include in the relevant social network platform. You can always decide whether to authorize their use (directly or implicitly, by requesting such a service).<\/span><\/td><\/tr><\/tbody><\/table><p><span style=\"font-weight: 400;\">\u00a0<\/span><\/p><h4><span style=\"font-weight: 400;\">HOW DO WE OBTAIN YOUR INFORMED CONSENT?<\/span><\/h4><p><span style=\"font-weight: 400;\">When entering the Website for the first time, you will be prompted to allow the use of functionality, analytics or external functionality cookies. These cookies will only be installed upon acceptance.<\/span><\/p><p><span style=\"font-weight: 400;\">The required cookies will be installed on your device the moment you enter the Website, since its proper functioning depends on them.<\/span><\/p><p><span style=\"font-weight: 400;\">The message displayed will contain a link to our Cookies Policy if you would like to see more information about how we treat cookies.<\/span><\/p><p><span style=\"font-weight: 400;\">The notification bar will no longer appear on your screen on subsequent visits to the Website, but the option to remove cookies will remain available through your browser settings.<\/span><\/p><p><span style=\"font-weight: 400;\">\u00a0<\/span><\/p><h4><span style=\"font-weight: 400;\">How can I manage the use of cookies?<\/span><\/h4><p><span style=\"font-weight: 400;\">We cannot interfere with your browser's cookies settings nor can we disable cookies which you have authorized to be installed or which are necessary to allow you to navigate on the Website. However, you can always change your browser settings to delete or prevent the storage of various types of cookies on your device in the future without your further intervention.\nYou should be aware that by disabling or deleting cookies, our website may not function properly.<\/span><\/p><p><span style=\"font-weight: 400;\">The \"Help\" section of your browser should provide information on how to manage the cookies' settings directly in the browser. Learn how this works in your browser here:<\/span><span style=\"font-weight: 400;\">\u00a0<\/span><\/p><ul><li style=\"font-weight: 400;\" aria-level=\"1\"><span style=\"font-weight: 400;\">Internet Explorer: <\/span><a href=\"https:\/\/support.microsoft.com\/en-us\/windows\/delete-and-manage-cookies-168dab11-0753-043d-7c16-ede5947fc64d\"><span style=\"font-weight: 400;\">https:\/\/support.microsoft.com\/en-us\/windows\/delete-and-manage-cookies-168dab11-0753-043d-7c16-ede5947fc64d<\/span><\/a><\/li><li style=\"font-weight: 400;\" aria-level=\"1\"><span style=\"font-weight: 400;\">Mozilla Firefox: <\/span><a href=\"https:\/\/support.mozilla.org\/en-US\/kb\/cookies-information-websites-store-on-your-computer\"><span style=\"font-weight: 400;\">https:\/\/support.mozilla.org\/en-US\/kb\/cookies-information-websites-store-on-your-computer<\/span><\/a><\/li><li style=\"font-weight: 400;\" aria-level=\"1\"><span style=\"font-weight: 400;\">Google Chrome: <\/span><a href=\"http:\/\/www.google.com\/support\/chrome\/bin\/answer.py?hl=pt-PT&amp;answer=95647\"><span style=\"font-weight: 400;\">https:\/\/support.google.com\/chrome\/answer\/95647?hl=en<\/span><\/a><\/li><li style=\"font-weight: 400;\" aria-level=\"1\"><span style=\"font-weight: 400;\">Opera: <\/span><a href=\"http:\/\/support.apple.com\/kb\/PH5042\"><span style=\"font-weight: 400;\">http:\/\/support.apple.com\/kb\/PH5042<\/span><\/a><\/li><li style=\"font-weight: 400;\" aria-level=\"1\"><span style=\"font-weight: 400;\">Opera: <\/span><a href=\"http:\/\/www.opera.com\/browser\/tutorials\/security\/privacy\/\"><span style=\"font-weight: 400;\">http:\/\/www.opera.com\/browser\/tutorials\/security\/privacy\/<\/span><\/a><\/li><\/ul><p><span style=\"font-weight: 400;\">\u00a0<\/span><\/p><h4><span style=\"font-weight: 400;\">WHAT IF THIS COOKIES POLICY IS CHANGED?<\/span><\/h4><p><span style=\"font-weight: 400;\">SG may update this policy at any time. In such case, any changes will be highlighted on the Website and\/or the brand pages so that you are aware of the need to refer to the policy again. No change will imply a restriction of your rights under applicable law.<\/span><\/p><h4><span style=\"font-weight: 400;\">\u00a0<\/span><\/h4><h4><span style=\"font-weight: 400;\">SEE WHAT COOKIES ARE USED<\/span><\/h4><p><span style=\"font-weight: 400;\">To see the exact list of cookies used by SG, how long they are active, when they expire, their domain and\/or name, you can check your browser settings.<\/span><\/p><p><span style=\"font-weight: 400;\">At the following link is a quick guide that explains how to do this depending on your browser: <\/span><a href=\"https:\/\/pt.wikihow.com\/Ver-os-Cookies\"><span style=\"font-weight: 400;\">https:\/\/pt.wikihow.com\/Ver-os-Cookies<\/span><\/a><\/p>\t\t\t\t\t\t\t\t<\/div>\n\t\t\t\t<\/div>\n\t\t\t\t\t<\/div>\n\t\t<\/div>\n\t\t\t\t\t<\/div>\n\t\t<\/section>\n\t\t\t\t<\/div>","protected":false},"excerpt":{"rendered":"<p>S\u00f3nia Gingado, n\u00famero de telefone +351 917 135 701, email: info@soniagingado.pt, doravante \u201cSG\u201d ou \u201cn\u00f3s\u201d, utiliza cookies para melhorar continuamente a experi\u00eancia dos visitantes do seu Website. Os cookies podem melhorar diretamente essa experi\u00eancia (por exemplo, ao memorizar a sua escolha de idioma e outras defini\u00e7\u00f5es espec\u00edficas) ou podem mesmo ser necess\u00e1rios para prestar os [&hellip;]<\/p>","protected":false},"author":1,"featured_media":0,"parent":0,"menu_order":0,"comment_status":"closed","ping_status":"closed","template":"","meta":{"_acf_changed":false,"pagelayer_contact_templates":[],"_pagelayer_content":"","footnotes":""},"class_list":["post-49822","page","type-page","status-publish","hentry"],"acf":[],"yoast_head":"<!-- This site is optimized with the Yoast SEO plugin v27.3 - https:\/\/yoast.com\/product\/yoast-seo-wordpress\/ -->\n<title>Pol\u00edtica de Cookies - MindGut<\/title>\n<meta name=\"robots\" content=\"index, follow, max-snippet:-1, max-image-preview:large, max-video-preview:-1\" \/>\n<link rel=\"canonical\" href=\"https:\/\/soniagingado.pt\/en\/politica-de-cookies\/\" \/>\n<meta property=\"og:locale\" content=\"en_US\" \/>\n<meta property=\"og:type\" content=\"article\" \/>\n<meta property=\"og:title\" content=\"Pol\u00edtica de Cookies - MindGut\" \/>\n<meta property=\"og:description\" content=\"S\u00f3nia Gingado, n\u00famero de telefone +351 917 135 701, email: info@soniagingado.pt, doravante \u201cSG\u201d ou \u201cn\u00f3s\u201d, utiliza cookies para melhorar continuamente a experi\u00eancia dos visitantes do seu Website. Os cookies podem melhorar diretamente essa experi\u00eancia (por exemplo, ao memorizar a sua escolha de idioma e outras defini\u00e7\u00f5es espec\u00edficas) ou podem mesmo ser necess\u00e1rios para prestar os [&hellip;]\" \/>\n<meta property=\"og:url\" content=\"https:\/\/soniagingado.pt\/en\/politica-de-cookies\/\" \/>\n<meta property=\"og:site_name\" content=\"MindGut\" \/>\n<meta property=\"article:modified_time\" content=\"2022-03-31T15:26:44+00:00\" \/>\n<meta name=\"twitter:card\" content=\"summary_large_image\" \/>\n<meta name=\"twitter:label1\" content=\"Est. reading time\" \/>\n\t<meta name=\"twitter:data1\" content=\"8 minutes\" \/>\n<script type=\"application\/ld+json\" class=\"yoast-schema-graph\">{\"@context\":\"https:\\\/\\\/schema.org\",\"@graph\":[{\"@type\":\"WebPage\",\"@id\":\"https:\\\/\\\/soniagingado.pt\\\/politica-de-cookies\\\/\",\"url\":\"https:\\\/\\\/soniagingado.pt\\\/politica-de-cookies\\\/\",\"name\":\"Pol\u00edtica de Cookies - MindGut\",\"isPartOf\":{\"@id\":\"https:\\\/\\\/soniagingado.pt\\\/#website\"},\"datePublished\":\"2022-03-30T19:21:20+00:00\",\"dateModified\":\"2022-03-31T15:26:44+00:00\",\"breadcrumb\":{\"@id\":\"https:\\\/\\\/soniagingado.pt\\\/politica-de-cookies\\\/#breadcrumb\"},\"inLanguage\":\"en-US\",\"potentialAction\":[{\"@type\":\"ReadAction\",\"target\":[\"https:\\\/\\\/soniagingado.pt\\\/politica-de-cookies\\\/\"]}]},{\"@type\":\"BreadcrumbList\",\"@id\":\"https:\\\/\\\/soniagingado.pt\\\/politica-de-cookies\\\/#breadcrumb\",\"itemListElement\":[{\"@type\":\"ListItem\",\"position\":1,\"name\":\"Home\",\"item\":\"https:\\\/\\\/soniagingado.pt\\\/\"},{\"@type\":\"ListItem\",\"position\":2,\"name\":\"Pol\u00edtica de Cookies\"}]},{\"@type\":\"WebSite\",\"@id\":\"https:\\\/\\\/soniagingado.pt\\\/#website\",\"url\":\"https:\\\/\\\/soniagingado.pt\\\/\",\"name\":\"MindGut\",\"description\":\"by S&oacute;nia Gingado\",\"publisher\":{\"@id\":\"https:\\\/\\\/soniagingado.pt\\\/#\\\/schema\\\/person\\\/96a5f1e95a5f28c1a847f4cb14e717e9\"},\"potentialAction\":[{\"@type\":\"SearchAction\",\"target\":{\"@type\":\"EntryPoint\",\"urlTemplate\":\"https:\\\/\\\/soniagingado.pt\\\/?s={search_term_string}\"},\"query-input\":{\"@type\":\"PropertyValueSpecification\",\"valueRequired\":true,\"valueName\":\"search_term_string\"}}],\"inLanguage\":\"en-US\"},{\"@type\":[\"Person\",\"Organization\"],\"@id\":\"https:\\\/\\\/soniagingado.pt\\\/#\\\/schema\\\/person\\\/96a5f1e95a5f28c1a847f4cb14e717e9\",\"name\":\"S\u00f3nia Gingado\",\"image\":{\"@type\":\"ImageObject\",\"inLanguage\":\"en-US\",\"@id\":\"https:\\\/\\\/soniagingado.pt\\\/wp-content\\\/uploads\\\/2022\\\/03\\\/sonia-gingado.png\",\"url\":\"https:\\\/\\\/soniagingado.pt\\\/wp-content\\\/uploads\\\/2022\\\/03\\\/sonia-gingado.png\",\"contentUrl\":\"https:\\\/\\\/soniagingado.pt\\\/wp-content\\\/uploads\\\/2022\\\/03\\\/sonia-gingado.png\",\"width\":854,\"height\":859,\"caption\":\"S\u00f3nia Gingado\"},\"logo\":{\"@id\":\"https:\\\/\\\/soniagingado.pt\\\/wp-content\\\/uploads\\\/2022\\\/03\\\/sonia-gingado.png\"},\"description\":\"S\u00f3nia Gingado nasceu em Lisboa e sempre esteve profundamente ligada \u00e0 Natureza, desde os ritmos, aos sons, passando pelas cores e pelas formas at\u00e9 ao que ainda n\u00e3o se viu, nem se conhece, sempre soube desde cedo que o seu prop\u00f3sito \u00e9 ajudar o pr\u00f3ximo. Come\u00e7ando por si mesma, iniciou o seu percurso acad\u00e9mico na \u00e1rea da sa\u00fade e nunca mais parou\u2026 Do seu percurso profissional e pessoal fazem parte a Naturopatia, a Fitoterapia, a Medicina Chinesa e a Hidroterapia do C\u00f3lon, \u00e1rea na qual se especializou e exerce h\u00e1 20 anos, como terapeuta e formadora internacional. A este percurso profissional tamb\u00e9m se juntaram a Iridologia Cl\u00ednica e Comportamental, a Mesoterapia Homeop\u00e1tica, a Cinesiologia Hol\u00edstica, a Nutri\u00e7\u00e3o Vegetal, a Alimenta\u00e7\u00e3o Macrobi\u00f3tica e a Psicologia, \u00e1rea atrav\u00e9s da qual procura fazer a \u201cponte\u201d entre o primeiro e o segundo c\u00e9rebro.\",\"sameAs\":[\"https:\\\/\\\/soniagingado.pt\"]}]}<\/script>\n<!-- \/ Yoast SEO plugin. -->","yoast_head_json":{"title":"Pol\u00edtica de Cookies - MindGut","robots":{"index":"index","follow":"follow","max-snippet":"max-snippet:-1","max-image-preview":"max-image-preview:large","max-video-preview":"max-video-preview:-1"},"canonical":"https:\/\/soniagingado.pt\/en\/politica-de-cookies\/","og_locale":"en_US","og_type":"article","og_title":"Pol\u00edtica de Cookies - MindGut","og_description":"S\u00f3nia Gingado, n\u00famero de telefone +351 917 135 701, email: info@soniagingado.pt, doravante \u201cSG\u201d ou \u201cn\u00f3s\u201d, utiliza cookies para melhorar continuamente a experi\u00eancia dos visitantes do seu Website. Os cookies podem melhorar diretamente essa experi\u00eancia (por exemplo, ao memorizar a sua escolha de idioma e outras defini\u00e7\u00f5es espec\u00edficas) ou podem mesmo ser necess\u00e1rios para prestar os [&hellip;]","og_url":"https:\/\/soniagingado.pt\/en\/politica-de-cookies\/","og_site_name":"MindGut","article_modified_time":"2022-03-31T15:26:44+00:00","twitter_card":"summary_large_image","twitter_misc":{"Est. reading time":"8 minutes"},"schema":{"@context":"https:\/\/schema.org","@graph":[{"@type":"WebPage","@id":"https:\/\/soniagingado.pt\/politica-de-cookies\/","url":"https:\/\/soniagingado.pt\/politica-de-cookies\/","name":"Pol\u00edtica de Cookies - MindGut","isPartOf":{"@id":"https:\/\/soniagingado.pt\/#website"},"datePublished":"2022-03-30T19:21:20+00:00","dateModified":"2022-03-31T15:26:44+00:00","breadcrumb":{"@id":"https:\/\/soniagingado.pt\/politica-de-cookies\/#breadcrumb"},"inLanguage":"en-US","potentialAction":[{"@type":"ReadAction","target":["https:\/\/soniagingado.pt\/politica-de-cookies\/"]}]},{"@type":"BreadcrumbList","@id":"https:\/\/soniagingado.pt\/politica-de-cookies\/#breadcrumb","itemListElement":[{"@type":"ListItem","position":1,"name":"Home","item":"https:\/\/soniagingado.pt\/"},{"@type":"ListItem","position":2,"name":"Pol\u00edtica de Cookies"}]},{"@type":"WebSite","@id":"https:\/\/soniagingado.pt\/#website","url":"https:\/\/soniagingado.pt\/","name":"MindGut","description":"by S&oacute;nia Gingado","publisher":{"@id":"https:\/\/soniagingado.pt\/#\/schema\/person\/96a5f1e95a5f28c1a847f4cb14e717e9"},"potentialAction":[{"@type":"SearchAction","target":{"@type":"EntryPoint","urlTemplate":"https:\/\/soniagingado.pt\/?s={search_term_string}"},"query-input":{"@type":"PropertyValueSpecification","valueRequired":true,"valueName":"search_term_string"}}],"inLanguage":"en-US"},{"@type":["Person","Organization"],"@id":"https:\/\/soniagingado.pt\/#\/schema\/person\/96a5f1e95a5f28c1a847f4cb14e717e9","name":"S\u00f3nia Gingado","image":{"@type":"ImageObject","inLanguage":"en-US","@id":"https:\/\/soniagingado.pt\/wp-content\/uploads\/2022\/03\/sonia-gingado.png","url":"https:\/\/soniagingado.pt\/wp-content\/uploads\/2022\/03\/sonia-gingado.png","contentUrl":"https:\/\/soniagingado.pt\/wp-content\/uploads\/2022\/03\/sonia-gingado.png","width":854,"height":859,"caption":"S\u00f3nia Gingado"},"logo":{"@id":"https:\/\/soniagingado.pt\/wp-content\/uploads\/2022\/03\/sonia-gingado.png"},"description":"S\u00f3nia Gingado nasceu em Lisboa e sempre esteve profundamente ligada \u00e0 Natureza, desde os ritmos, aos sons, passando pelas cores e pelas formas at\u00e9 ao que ainda n\u00e3o se viu, nem se conhece, sempre soube desde cedo que o seu prop\u00f3sito \u00e9 ajudar o pr\u00f3ximo. Come\u00e7ando por si mesma, iniciou o seu percurso acad\u00e9mico na \u00e1rea da sa\u00fade e nunca mais parou\u2026 Do seu percurso profissional e pessoal fazem parte a Naturopatia, a Fitoterapia, a Medicina Chinesa e a Hidroterapia do C\u00f3lon, \u00e1rea na qual se especializou e exerce h\u00e1 20 anos, como terapeuta e formadora internacional. A este percurso profissional tamb\u00e9m se juntaram a Iridologia Cl\u00ednica e Comportamental, a Mesoterapia Homeop\u00e1tica, a Cinesiologia Hol\u00edstica, a Nutri\u00e7\u00e3o Vegetal, a Alimenta\u00e7\u00e3o Macrobi\u00f3tica e a Psicologia, \u00e1rea atrav\u00e9s da qual procura fazer a \u201cponte\u201d entre o primeiro e o segundo c\u00e9rebro.","sameAs":["https:\/\/soniagingado.pt"]}]}},"jetpack_sharing_enabled":true,"_links":{"self":[{"href":"https:\/\/soniagingado.pt\/en\/wp-json\/wp\/v2\/pages\/49822","targetHints":{"allow":["GET"]}}],"collection":[{"href":"https:\/\/soniagingado.pt\/en\/wp-json\/wp\/v2\/pages"}],"about":[{"href":"https:\/\/soniagingado.pt\/en\/wp-json\/wp\/v2\/types\/page"}],"author":[{"embeddable":true,"href":"https:\/\/soniagingado.pt\/en\/wp-json\/wp\/v2\/users\/1"}],"replies":[{"embeddable":true,"href":"https:\/\/soniagingado.pt\/en\/wp-json\/wp\/v2\/comments?post=49822"}],"version-history":[{"count":12,"href":"https:\/\/soniagingado.pt\/en\/wp-json\/wp\/v2\/pages\/49822\/revisions"}],"predecessor-version":[{"id":50036,"href":"https:\/\/soniagingado.pt\/en\/wp-json\/wp\/v2\/pages\/49822\/revisions\/50036"}],"wp:attachment":[{"href":"https:\/\/soniagingado.pt\/en\/wp-json\/wp\/v2\/media?parent=49822"}],"curies":[{"name":"wp","href":"https:\/\/api.w.org\/{rel}","templated":true}]}}