{"id":49939,"date":"2022-03-31T04:01:20","date_gmt":"2022-03-31T04:01:20","guid":{"rendered":"https:\/\/soniagingado.pt\/privacy-settings-page\/"},"modified":"2022-03-31T04:01:20","modified_gmt":"2022-03-31T04:01:20","slug":"privacy-settings-page","status":"publish","type":"page","link":"https:\/\/soniagingado.pt\/en\/privacy-settings-page\/","title":{"rendered":"Privacy Settings Page"},"content":{"rendered":"<form action=\"\" method=\"POST\" class=\"njt-gdpr-privacy-settings-frm\" data-trp-original-action=\"\">\r\n            <table>\r\n                <thead>\r\n                    <tr>\r\n                        <th>Name<\/th>\r\n                        <th>Description<\/th>\r\n                        <th>Enable ?<\/th>\r\n                    <\/tr>\r\n                <\/thead>\r\n                <tbody>\r\n                    <tr>\r\n                        <td>Cookie<\/td>\r\n                        <td>We use cookies to provide a personalised experience for our users.<\/td>\r\n                        <td><input type=\"checkbox\" name=\"s[]\" value=\"cookie\"  \/><\/td>\r\n                    <\/tr>\r\n                    <tr>\r\n                        <td>Facebook Pixel<\/td>\r\n                        <td>Third party service for managing advertisement activities related to the resource via Facebook<\/td>\r\n                        <td><input type=\"checkbox\" name=\"s[]\" value=\"fb\"  \/><\/td>\r\n                    <\/tr>\r\n                    <tr>\r\n                        <td>Google Analytics<\/td>\r\n                        <td>Used for aggregated statistics to improve user experience on the resource.<\/td>\r\n                        <td><input type=\"checkbox\" name=\"s[]\" value=\"gg\"  \/><\/td>\r\n                    <\/tr>\r\n                <\/tbody>\r\n            <\/table>\r\n            <button type=\"button\" class=\"njt-gdpr-privacy-settings-btn\">Save Changes<\/button>\r\n        <input type=\"hidden\" name=\"trp-form-language\" value=\"en\"\/><\/form>\r\n        <script data-jetpack-boost=\"ignore\" type=\"text\/javascript\">\r\n            jQuery(document).ready(function($) {\r\n                $('.njt-gdpr-privacy-settings-btn').on('click', function(event) {\r\n                    var frm = $(this).closest('form');\r\n                    var s = [];\r\n                    $.each(frm.find('input[name^=\"s\"]'), function(index, el) {\r\n                        if ($(el).prop('checked')) {\r\n                            s.push($(el).val());\r\n                        }\r\n                    });\r\n                    $.ajax({\r\n                        url: 'https:\/\/soniagingado.pt\/wp-admin\/admin-ajax.php',\r\n                        type: 'POST',\r\n                        data: {\r\n                            action: 'njt_gdpr_save_privacy_settings',\r\n                            s: s\r\n                        },\r\n                    })\r\n                    .done(function(json) {\r\n                        if (json.success) {\r\n                            alert('Success');\r\n                            location.reload();\r\n                        } else {\r\n                            alert(json.data.mess);\r\n                        }\r\n                    })\r\n                    .fail(function() {\r\n                        alert('Please refresh and try again.');\r\n                    });\r\n                    return false;\r\n                });\r\n            });\r\n        <\/script>","protected":false},"excerpt":{"rendered":"","protected":false},"author":1,"featured_media":0,"parent":0,"menu_order":0,"comment_status":"closed","ping_status":"closed","template":"","meta":{"_acf_changed":false,"pagelayer_contact_templates":[],"_pagelayer_content":"","footnotes":""},"class_list":["post-49939","page","type-page","status-publish","hentry"],"acf":[],"yoast_head":"<!-- This site is optimized with the Yoast SEO plugin v27.5 - https:\/\/yoast.com\/product\/yoast-seo-wordpress\/ -->\n<title>Privacy Settings Page - MindGut<\/title>\n<meta name=\"robots\" content=\"index, follow, max-snippet:-1, max-image-preview:large, max-video-preview:-1\" \/>\n<link rel=\"canonical\" href=\"https:\/\/soniagingado.pt\/en\/privacy-settings-page\/\" \/>\n<meta property=\"og:locale\" content=\"en_US\" \/>\n<meta property=\"og:type\" content=\"article\" \/>\n<meta property=\"og:title\" content=\"Privacy Settings Page - MindGut\" \/>\n<meta property=\"og:url\" content=\"https:\/\/soniagingado.pt\/en\/privacy-settings-page\/\" \/>\n<meta property=\"og:site_name\" content=\"MindGut\" \/>\n<meta name=\"twitter:card\" content=\"summary_large_image\" \/>\n<script type=\"application\/ld+json\" class=\"yoast-schema-graph\">{\"@context\":\"https:\\\/\\\/schema.org\",\"@graph\":[{\"@type\":\"WebPage\",\"@id\":\"https:\\\/\\\/soniagingado.pt\\\/privacy-settings-page\\\/\",\"url\":\"https:\\\/\\\/soniagingado.pt\\\/privacy-settings-page\\\/\",\"name\":\"Privacy Settings Page - MindGut\",\"isPartOf\":{\"@id\":\"https:\\\/\\\/soniagingado.pt\\\/#website\"},\"datePublished\":\"2022-03-31T04:01:20+00:00\",\"breadcrumb\":{\"@id\":\"https:\\\/\\\/soniagingado.pt\\\/privacy-settings-page\\\/#breadcrumb\"},\"inLanguage\":\"en-US\",\"potentialAction\":[{\"@type\":\"ReadAction\",\"target\":[\"https:\\\/\\\/soniagingado.pt\\\/privacy-settings-page\\\/\"]}]},{\"@type\":\"BreadcrumbList\",\"@id\":\"https:\\\/\\\/soniagingado.pt\\\/privacy-settings-page\\\/#breadcrumb\",\"itemListElement\":[{\"@type\":\"ListItem\",\"position\":1,\"name\":\"Home\",\"item\":\"https:\\\/\\\/soniagingado.pt\\\/\"},{\"@type\":\"ListItem\",\"position\":2,\"name\":\"Privacy Settings Page\"}]},{\"@type\":\"WebSite\",\"@id\":\"https:\\\/\\\/soniagingado.pt\\\/#website\",\"url\":\"https:\\\/\\\/soniagingado.pt\\\/\",\"name\":\"MindGut\",\"description\":\"by S&oacute;nia Gingado\",\"publisher\":{\"@id\":\"https:\\\/\\\/soniagingado.pt\\\/#\\\/schema\\\/person\\\/96a5f1e95a5f28c1a847f4cb14e717e9\"},\"potentialAction\":[{\"@type\":\"SearchAction\",\"target\":{\"@type\":\"EntryPoint\",\"urlTemplate\":\"https:\\\/\\\/soniagingado.pt\\\/?s={search_term_string}\"},\"query-input\":{\"@type\":\"PropertyValueSpecification\",\"valueRequired\":true,\"valueName\":\"search_term_string\"}}],\"inLanguage\":\"en-US\"},{\"@type\":[\"Person\",\"Organization\"],\"@id\":\"https:\\\/\\\/soniagingado.pt\\\/#\\\/schema\\\/person\\\/96a5f1e95a5f28c1a847f4cb14e717e9\",\"name\":\"S\u00f3nia Gingado\",\"image\":{\"@type\":\"ImageObject\",\"inLanguage\":\"en-US\",\"@id\":\"https:\\\/\\\/soniagingado.pt\\\/wp-content\\\/uploads\\\/2022\\\/03\\\/sonia-gingado.png\",\"url\":\"https:\\\/\\\/soniagingado.pt\\\/wp-content\\\/uploads\\\/2022\\\/03\\\/sonia-gingado.png\",\"contentUrl\":\"https:\\\/\\\/soniagingado.pt\\\/wp-content\\\/uploads\\\/2022\\\/03\\\/sonia-gingado.png\",\"width\":854,\"height\":859,\"caption\":\"S\u00f3nia Gingado\"},\"logo\":{\"@id\":\"https:\\\/\\\/soniagingado.pt\\\/wp-content\\\/uploads\\\/2022\\\/03\\\/sonia-gingado.png\"},\"description\":\"S\u00f3nia Gingado nasceu em Lisboa e sempre esteve profundamente ligada \u00e0 Natureza, desde os ritmos, aos sons, passando pelas cores e pelas formas at\u00e9 ao que ainda n\u00e3o se viu, nem se conhece, sempre soube desde cedo que o seu prop\u00f3sito \u00e9 ajudar o pr\u00f3ximo. Come\u00e7ando por si mesma, iniciou o seu percurso acad\u00e9mico na \u00e1rea da sa\u00fade e nunca mais parou\u2026 Do seu percurso profissional e pessoal fazem parte a Naturopatia, a Fitoterapia, a Medicina Chinesa e a Hidroterapia do C\u00f3lon, \u00e1rea na qual se especializou e exerce h\u00e1 20 anos, como terapeuta e formadora internacional. A este percurso profissional tamb\u00e9m se juntaram a Iridologia Cl\u00ednica e Comportamental, a Mesoterapia Homeop\u00e1tica, a Cinesiologia Hol\u00edstica, a Nutri\u00e7\u00e3o Vegetal, a Alimenta\u00e7\u00e3o Macrobi\u00f3tica e a Psicologia, \u00e1rea atrav\u00e9s da qual procura fazer a \u201cponte\u201d entre o primeiro e o segundo c\u00e9rebro.\",\"sameAs\":[\"https:\\\/\\\/soniagingado.pt\"]}]}<\/script>\n<!-- \/ Yoast SEO plugin. -->","yoast_head_json":{"title":"Privacy Settings Page - MindGut","robots":{"index":"index","follow":"follow","max-snippet":"max-snippet:-1","max-image-preview":"max-image-preview:large","max-video-preview":"max-video-preview:-1"},"canonical":"https:\/\/soniagingado.pt\/en\/privacy-settings-page\/","og_locale":"en_US","og_type":"article","og_title":"Privacy Settings Page - MindGut","og_url":"https:\/\/soniagingado.pt\/en\/privacy-settings-page\/","og_site_name":"MindGut","twitter_card":"summary_large_image","schema":{"@context":"https:\/\/schema.org","@graph":[{"@type":"WebPage","@id":"https:\/\/soniagingado.pt\/privacy-settings-page\/","url":"https:\/\/soniagingado.pt\/privacy-settings-page\/","name":"Privacy Settings Page - MindGut","isPartOf":{"@id":"https:\/\/soniagingado.pt\/#website"},"datePublished":"2022-03-31T04:01:20+00:00","breadcrumb":{"@id":"https:\/\/soniagingado.pt\/privacy-settings-page\/#breadcrumb"},"inLanguage":"en-US","potentialAction":[{"@type":"ReadAction","target":["https:\/\/soniagingado.pt\/privacy-settings-page\/"]}]},{"@type":"BreadcrumbList","@id":"https:\/\/soniagingado.pt\/privacy-settings-page\/#breadcrumb","itemListElement":[{"@type":"ListItem","position":1,"name":"Home","item":"https:\/\/soniagingado.pt\/"},{"@type":"ListItem","position":2,"name":"Privacy Settings Page"}]},{"@type":"WebSite","@id":"https:\/\/soniagingado.pt\/#website","url":"https:\/\/soniagingado.pt\/","name":"MindGut","description":"by S&oacute;nia Gingado","publisher":{"@id":"https:\/\/soniagingado.pt\/#\/schema\/person\/96a5f1e95a5f28c1a847f4cb14e717e9"},"potentialAction":[{"@type":"SearchAction","target":{"@type":"EntryPoint","urlTemplate":"https:\/\/soniagingado.pt\/?s={search_term_string}"},"query-input":{"@type":"PropertyValueSpecification","valueRequired":true,"valueName":"search_term_string"}}],"inLanguage":"en-US"},{"@type":["Person","Organization"],"@id":"https:\/\/soniagingado.pt\/#\/schema\/person\/96a5f1e95a5f28c1a847f4cb14e717e9","name":"S\u00f3nia Gingado","image":{"@type":"ImageObject","inLanguage":"en-US","@id":"https:\/\/soniagingado.pt\/wp-content\/uploads\/2022\/03\/sonia-gingado.png","url":"https:\/\/soniagingado.pt\/wp-content\/uploads\/2022\/03\/sonia-gingado.png","contentUrl":"https:\/\/soniagingado.pt\/wp-content\/uploads\/2022\/03\/sonia-gingado.png","width":854,"height":859,"caption":"S\u00f3nia Gingado"},"logo":{"@id":"https:\/\/soniagingado.pt\/wp-content\/uploads\/2022\/03\/sonia-gingado.png"},"description":"S\u00f3nia Gingado nasceu em Lisboa e sempre esteve profundamente ligada \u00e0 Natureza, desde os ritmos, aos sons, passando pelas cores e pelas formas at\u00e9 ao que ainda n\u00e3o se viu, nem se conhece, sempre soube desde cedo que o seu prop\u00f3sito \u00e9 ajudar o pr\u00f3ximo. Come\u00e7ando por si mesma, iniciou o seu percurso acad\u00e9mico na \u00e1rea da sa\u00fade e nunca mais parou\u2026 Do seu percurso profissional e pessoal fazem parte a Naturopatia, a Fitoterapia, a Medicina Chinesa e a Hidroterapia do C\u00f3lon, \u00e1rea na qual se especializou e exerce h\u00e1 20 anos, como terapeuta e formadora internacional. A este percurso profissional tamb\u00e9m se juntaram a Iridologia Cl\u00ednica e Comportamental, a Mesoterapia Homeop\u00e1tica, a Cinesiologia Hol\u00edstica, a Nutri\u00e7\u00e3o Vegetal, a Alimenta\u00e7\u00e3o Macrobi\u00f3tica e a Psicologia, \u00e1rea atrav\u00e9s da qual procura fazer a \u201cponte\u201d entre o primeiro e o segundo c\u00e9rebro.","sameAs":["https:\/\/soniagingado.pt"]}]}},"jetpack_sharing_enabled":true,"_links":{"self":[{"href":"https:\/\/soniagingado.pt\/en\/wp-json\/wp\/v2\/pages\/49939","targetHints":{"allow":["GET"]}}],"collection":[{"href":"https:\/\/soniagingado.pt\/en\/wp-json\/wp\/v2\/pages"}],"about":[{"href":"https:\/\/soniagingado.pt\/en\/wp-json\/wp\/v2\/types\/page"}],"author":[{"embeddable":true,"href":"https:\/\/soniagingado.pt\/en\/wp-json\/wp\/v2\/users\/1"}],"replies":[{"embeddable":true,"href":"https:\/\/soniagingado.pt\/en\/wp-json\/wp\/v2\/comments?post=49939"}],"version-history":[{"count":0,"href":"https:\/\/soniagingado.pt\/en\/wp-json\/wp\/v2\/pages\/49939\/revisions"}],"wp:attachment":[{"href":"https:\/\/soniagingado.pt\/en\/wp-json\/wp\/v2\/media?parent=49939"}],"curies":[{"name":"wp","href":"https:\/\/api.w.org\/{rel}","templated":true}]}}